{"id":130,"date":"2018-09-03T17:36:44","date_gmt":"2018-09-03T15:36:44","guid":{"rendered":"http:\/\/hmd-cms.hr\/u-drustvu-mikroba\/?page_id=130"},"modified":"2018-10-12T09:03:49","modified_gmt":"2018-10-12T07:03:49","slug":"o-projektu","status":"publish","type":"page","link":"http:\/\/hmd-cms.hr\/u-drustvu-mikroba\/o-projektu\/","title":{"rendered":"O projektu"},"content":{"rendered":"<h3><strong>Naziv projekta<\/strong><\/h3>\n<p>U dru\u0161tvu mikroba<\/p>\n<h3><strong>Nositelj projekta:<\/strong><\/h3>\n<p><a href=\"http:\/\/www.hmd-cms.hr\/\" target=\"_blank\" rel=\"noopener\">Hrvatsko mikrobiolo\u0161ko dru\u0161tvo<\/a> (HMD)<\/p>\n<h3>O projektu<\/h3>\n<p>Projekt je sufinancirala Europska unija iz Europskog socijalnog fonda.<\/p>\n<p>Projekt Hrvatskog mikrobiolo\u0161kog dru\u0161tva \u201eU dru\u0161tvu mikroba\u201c financiran je od strane Europskog socijalnog fonda te iz Dr\u017eavnog prora\u010duna i traje od 19.3.2018. do 18.1.2020.<\/p>\n<p>Osnovna svrha projekta je doprinijeti uvo\u0111enju, razvoju i odr\u017eivosti programa dru\u0161tveno korisnog u\u010denja (DKU) na fakultetima.<\/p>\n<p>Dru\u0161tveno korisno u\u010denje je nastavna metoda kojom studenti znanje i vje\u0161tine ste\u010dene kroz studij primjenjuju u provedbi projekata kojim se rje\u0161avaju konkretni dru\u0161tveni problemi. Osim toga, DKU se prepoznaje kao u\u010dinkovit na\u010din povezivanja studenata i visoko\u0161kolskih nastavnika s organizacijama civilnoga dru\u0161tva i \u0161irom dru\u0161tvenom zajednicom te kao va\u017ean poticaj u pronala\u017eenju prvog posla po zavr\u0161etku \u0161kolovanja.<\/p>\n<p>Ovo je prvi projekt dru\u0161tveno korisnog u\u010denja na podru\u010dju mikrobiologije u Republici Hrvatskoj i provest \u0107e se u suradnji s na\u0161im partnerima iz akademske zajednice (Hrvatsko katoli\u010dko sveu\u010dili\u0161te, Medicinski fakultet Sveu\u010dili\u0161ta u Rijeci, Prirodoslovno-matemati\u010dki fakultet Sveu\u010dili\u0161ta u Zagrebu, Prehrambeno-biotehnolo\u0161ki fakultet Sveu\u010dili\u0161ta u Zagrebu, i Veterinarski fakultet Sveu\u010dili\u0161ta u Zagrebu) te partnerima iz civilnog dru\u0161tva (Bioteka \u2013 udruga za promicanje biologije i srodnih znanosti, te BIUS \u2013 udruga studenata biologije).<\/p>\n<p>Kroz provedbu projekta provest \u0107emo mnoge aktivnosti kroz koje \u0107emo ostvariti projektne ciljeve. U prvom \u0107emo dijelu projekta kroz vi\u0161e radionica i jedno studijsko putovanje educirati zaposlenike visokoobrazovnih ustanova i volontere partnerskih udruga o DKU te poja\u010dati mentorske i nastavni\u010dke kompetencije sveu\u010dili\u0161nih nastavnika. Predvi\u0111ene edukacije obuhva\u0107aju:<\/p>\n<p>&#8211; Edukaciju o dru\u0161tveno korisnom u\u010denju, primjeni nastavnih metoda i vrednovanju rada studenata koju \u0107e odr\u017eati izv. prof. dr. sc. <a href=\"http:\/\/inf.ffzg.unizg.hr\/index.php\/hr\/13-clanovi-odsjeka\/201-nives-mikelic-preradovic\" target=\"_blank\" rel=\"noopener\">Nives Mikeli\u0107 Preradovi\u0107<\/a>, (Filozofski fakultet Sveu\u010dili\u0161ta u Zagrebu), renomirana stru\u010dnjakinja s podru\u010dja <a href=\"http:\/\/hmd-cms.hr\/u-drustvu-mikroba\/projektne-aktivnosti\/1-edukacija-21-22-svibnja-2018\/\">DKU<\/a>,<\/p>\n<p>&#8211; <a href=\"http:\/\/hmd-cms.hr\/u-drustvu-mikroba\/projektne-aktivnosti\/2-edukacija\/\">Edukaciju o izradi planova u\u010denja i mentorskih programa dru\u0161tveno korisnog u\u010denja<\/a> koju \u0107e odr\u017eati izv. prof. dr. sc. Ines Radanovi\u0107 (Prirodoslovno-matemati\u010dki fakultet Sveu\u010dili\u0161ta u Zagrebu), stru\u010dnjakinja u primjeni nastavnih metoda,<\/p>\n<p>&#8211; <a href=\"http:\/\/hmd-cms.hr\/u-drustvu-mikroba\/projektne-aktivnosti\/3-edukacija\/\">Edukaciju o mogu\u0107nostima interpretacije znanstvenih tema putem razli\u010ditih medija namijenjenih \u0161iroj javnosti<\/a> koju \u0107e odr\u017eati Emma Clayton, mag. oecol. et. prot. nat (<a href=\"https:\/\/kids.frontiersin.org\/\" target=\"_blank\" rel=\"noopener\">Frontiers for Young Minds<\/a>), stru\u010dnjakinja u komunikaciji izme\u0111u znanstvene zajednice i \u0161ire javnosti i Sanja Lepur (<a href=\"https:\/\/www.virtualna-tvornica.com\/\" target=\"_blank\" rel=\"noopener\">Virtualna tvornica<\/a>), stru\u010dnjakinja za pripremu interaktivnih web materijala.<\/p>\n<p>Na kraju prvog dijela projekta, mentori i volonteri posjetiti \u0107e <a href=\"https:\/\/www.micropia.nl\/en\/\" target=\"_blank\" rel=\"noopener\">muzej mikroba &#8220;Micropia&#8221;<\/a> u Amsterdamu, koji se isti\u010de jedinstvenim i originalnim pristupom u prikazivanju mikrobiolo\u0161kih tema \u0161iroj javnosti s \u010dime ostvaruje va\u017enu dru\u0161tvenu ulogu.<\/p>\n<p>U nastavku projekta \u0107emo u provedbu uklju\u010diti studente PMF-a, PBF-a, MF-a, VET-a i HKS-a. Njima \u0107e sudjelovanje na projektu u \u201eU dru\u0161tvu mikroba\u201c omogu\u0107iti da, za mnoge vjerojatno prvi put, znanja i vje\u0161tine ste\u010dene na fakultetu primjene u praksi te tako daju svoj doprinos dru\u0161tvu u cjelini i pripreme da postanu aktivni aktivni \u010dlanovi civilnog dru\u0161tva, osvijeste svoje gra\u0111anske odgovornosti u zajednici i tako doprinesu razvoju civilnog dru\u0161tva. Nakon \u0161to pro\u0111u potrebne edukacije (za primjenu ste\u010denih znanja u lokalnoj zajednici, razvoj i pobolj\u0161anje komunikacijskih i prezentacijskih vje\u0161tina, o provedbi DKU-a i o pripremi interaktivnih materijala za u\u010denje), studenti \u0107e uz pomo\u0107 svojih mentora identificirati dru\u0161tveno relevantne teme iz raznih podgrana mikrobiologije te pripremiti materijale koji \u0107e biti predstavljeni u Virtualnom muzeju mikroba. Osim toga, provesti \u0107e radionice za djecu u osnovnim \u0161kolama i u partnerskoj udruzi Bioteka te odr\u017eati predavanja s ciljem edukacije javnosti.<\/p>\n<h3>Ciljevi projekta<\/h3>\n<ol>\n<li>Oja\u010dati stru\u010dne, analiti\u010dke i zagovara\u010dke kapacitete Hrvatskog mikrobiolo\u0161kog dru\u0161tva kroz suradnju s Prirodoslovno-matemati\u010dkim fakultetom, Prehrambeno-biotehnolo\u0161kim fakultetom, Veterinarskim fakultetom, Medicinskim fakultetom u Rijeci i Hrvatskim katoli\u010dkim sveu\u010dili\u0161tem te pridonijeti uspostavi odr\u017eivih programa DKU-a<\/li>\n<li>Pobolj\u0161ati stjecanje znanja i vje\u0161tina studenata aktivnim sudjelovanjem i stjecanjem prakti\u010dnih iskustava kroz DKU<\/li>\n<\/ol>\n<h3>Informacije o projektu<\/h3>\n<p><b>Ukupna vrijednost projekta:<\/b>\u00a01.182.333,58 HRK<\/p>\n<p><b>Iznos koji sufinancira EU (bespovratna sredstva):<\/b>\u00a01.004.983,54 HRK<\/p>\n<p><b>Razdoblje provedbe projekta:<\/b> od 19.3.2018. do 18.1.2020.<\/p>\n<p><b>Kontakt e-mail za vi\u0161e informacija<\/b>:\u00a0<a href=\"mailto:udrustvumikroba@hmd-cms.hr\">udrustvumikroba@hmd-cms.hr<\/a><\/p>\n<p>Vi\u0161e informacija o mogu\u0107nostima EU sufinanciranja projekata potra\u017eite na adresi: <a href=\"https:\/\/strukturnifondovi.hr\/\" target=\"_blank\" rel=\"noopener\">www.strukturnifondovi.hr<\/a>, a o Operativnom programu U\u010dinkoviti ljudski potencijali na adresi: <a href=\"http:\/\/www.esf.hr\/\" target=\"_blank\" rel=\"noopener\">www.esf.hr<\/a><\/p>\n<p>Sadr\u017eaj ove mre\u017ene stranice isklju\u010diva je odgovornost Hrvatskog mikrobiolo\u0161kog dru\u0161tva. Stajali\u0161ta izra\u017eena na ovoj mre\u017enoj stranici isklju\u010diva su odgovornost Hrvatskog mikrobiolo\u0161kog dru\u0161tva i ne odra\u017eavaju nu\u017eno stajali\u0161te Ureda za udruge.<\/p>\n<div><\/div>\n","protected":false},"excerpt":{"rendered":"<p>Naziv projekta U dru\u0161tvu mikroba Nositelj projekta: Hrvatsko mikrobiolo\u0161ko dru\u0161tvo (HMD) O projektu Projekt je sufinancirala Europska unija iz Europskog socijalnog fonda. Projekt Hrvatskog mikrobiolo\u0161kog dru\u0161tva \u201eU dru\u0161tvu mikroba\u201c financiran je od strane Europskog socijalnog fonda te iz Dr\u017eavnog prora\u010duna i traje od 19.3.2018. do 18.1.2020. Osnovna svrha projekta je doprinijeti uvo\u0111enju, razvoju i odr\u017eivosti [&hellip;]<\/p>\n","protected":false},"author":1,"featured_media":0,"parent":0,"menu_order":0,"comment_status":"closed","ping_status":"closed","template":"","meta":{"footnotes":""},"class_list":["post-130","page","type-page","status-publish","hentry"],"_links":{"self":[{"href":"http:\/\/hmd-cms.hr\/u-drustvu-mikroba\/wp-json\/wp\/v2\/pages\/130","targetHints":{"allow":["GET"]}}],"collection":[{"href":"http:\/\/hmd-cms.hr\/u-drustvu-mikroba\/wp-json\/wp\/v2\/pages"}],"about":[{"href":"http:\/\/hmd-cms.hr\/u-drustvu-mikroba\/wp-json\/wp\/v2\/types\/page"}],"author":[{"embeddable":true,"href":"http:\/\/hmd-cms.hr\/u-drustvu-mikroba\/wp-json\/wp\/v2\/users\/1"}],"replies":[{"embeddable":true,"href":"http:\/\/hmd-cms.hr\/u-drustvu-mikroba\/wp-json\/wp\/v2\/comments?post=130"}],"version-history":[{"count":8,"href":"http:\/\/hmd-cms.hr\/u-drustvu-mikroba\/wp-json\/wp\/v2\/pages\/130\/revisions"}],"predecessor-version":[{"id":186,"href":"http:\/\/hmd-cms.hr\/u-drustvu-mikroba\/wp-json\/wp\/v2\/pages\/130\/revisions\/186"}],"wp:attachment":[{"href":"http:\/\/hmd-cms.hr\/u-drustvu-mikroba\/wp-json\/wp\/v2\/media?parent=130"}],"curies":[{"name":"wp","href":"https:\/\/api.w.org\/{rel}","templated":true}]}}