{"id":616,"date":"2017-09-27T11:02:29","date_gmt":"2017-09-27T09:02:29","guid":{"rendered":"https:\/\/hmd-cms.hr\/cesar2025\/?page_id=616"},"modified":"2025-07-29T22:40:23","modified_gmt":"2025-07-29T20:40:23","slug":"fees-and-accommodation","status":"publish","type":"page","link":"https:\/\/hmd-cms.hr\/cesar2025\/fees-and-accommodation\/","title":{"rendered":"Fees and Accommodation"},"content":{"rendered":"<p>&nbsp;<\/p>\n<h3><strong>Registration fee<\/strong><\/h3>\n<p><strong>Early registration fees:<\/strong> before\u00a0August 4, 2025. <a href=\"https:\/\/hmd-cms.hr\/cesar2025\/registration\/\">Register now!<\/a><\/p>\n<table border=\"0\" width=\"100%\" cellspacing=\"0\" cellpadding=\"0\">\n<tbody>\n<tr>\n<td width=\"44%\"><strong>Type of fee<\/strong><\/td>\n<td width=\"28%\">\n<p align=\"right\"><strong>Before August 4, 2025<\/strong><\/p>\n<\/td>\n<td width=\"28%\">\n<p align=\"right\"><strong>After August 4, 2025<\/strong><\/p>\n<\/td>\n<\/tr>\n<tr>\n<td><strong>Full registration fee<\/strong><\/td>\n<td>\n<p align=\"right\">430 EUR<\/p>\n<\/td>\n<td>\n<p align=\"right\">500 EUR<\/p>\n<\/td>\n<\/tr>\n<tr>\n<td><strong>Student fee<\/strong><\/td>\n<td>\n<p align=\"right\">330 EUR<\/p>\n<\/td>\n<td>\n<p align=\"right\">400 EUR<\/p>\n<\/td>\n<\/tr>\n<tr>\n<td><strong>Accompanying persons fee<\/strong><\/td>\n<td style=\"text-align: right;\">200 EUR<\/td>\n<td>\n<p align=\"right\">250 EUR<\/p>\n<\/td>\n<\/tr>\n<tr>\n<td><strong>On-site full registration (cash only)<\/strong><\/td>\n<td><\/td>\n<td>\n<p align=\"right\">550 EUR<\/p>\n<\/td>\n<\/tr>\n<\/tbody>\n<\/table>\n<p>&nbsp;<\/p>\n<h3>Payments<\/h3>\n<p>Payments must be made in advance in order to process registration\/abstracts\/conference dinner.<\/p>\n<p>Payments should be done by BANK TRANSFER (please quote CESAR2025, with your name and surname) upon receiving our preinvoice\/offer from technical organizer :<\/p>\n<p>ONE TRAVEL d.o.o.<br \/>\nStenjev\u010dica 7, Zagreb<br \/>\nCroatia<\/p>\n<p>A confirmation e-mail will be sent upon receipt of payment.<\/p>\n<p>&nbsp;<\/p>\n<h5><strong>On-site Registration and Payment<\/strong><\/h5>\n<p>Please note that on-site registration and payment (late registration fees are applicable) will only be possible at the registration desk in euros. No credit cards or foreign currency will be accepted.<\/p>\n<p>&nbsp;<\/p>\n<h5><strong>Cancellation Refund Policy<\/strong><\/h5>\n<p>A refund of the registration fee minus 50 EUR for administration costs will be granted if notification of cancellation reaches the Meeting Secretariat in writing (symposium contact mail or secretary\u2019s mail) before August 21, 2025. After this date, cancellations will not be refunded. Refunds by bank transfer will be processed after the symposium.<\/p>\n<p>&nbsp;<\/p>\n<p>&nbsp;<\/p>\n<h3><strong>Venue &amp; Accommodation<\/strong><\/h3>\n<p>&nbsp;<\/p>\n<h5>Hotel Kolovare, Zadar<\/h5>\n<p><img loading=\"lazy\" decoding=\"async\" class=\"alignnone size-full wp-image-874\" src=\"https:\/\/hmd-cms.hr\/cesar2025\/wp-content\/uploads\/hotel-zadar-3.jpg\" alt=\"\" width=\"1120\" height=\"460\" srcset=\"https:\/\/hmd-cms.hr\/cesar2025\/wp-content\/uploads\/hotel-zadar-3.jpg 1120w, https:\/\/hmd-cms.hr\/cesar2025\/wp-content\/uploads\/hotel-zadar-3-300x123.jpg 300w, https:\/\/hmd-cms.hr\/cesar2025\/wp-content\/uploads\/hotel-zadar-3-1024x421.jpg 1024w, https:\/\/hmd-cms.hr\/cesar2025\/wp-content\/uploads\/hotel-zadar-3-768x315.jpg 768w, https:\/\/hmd-cms.hr\/cesar2025\/wp-content\/uploads\/hotel-zadar-3-315x129.jpg 315w, https:\/\/hmd-cms.hr\/cesar2025\/wp-content\/uploads\/hotel-zadar-3-400x164.jpg 400w, https:\/\/hmd-cms.hr\/cesar2025\/wp-content\/uploads\/hotel-zadar-3-800x329.jpg 800w\" sizes=\"auto, (max-width: 1120px) 100vw, 1120px\" \/><\/p>\n<p>The symposium will be held at the Hotel Kolovare, Zadar.<\/p>\n<p><strong>Address:<\/strong> Bo\u017ee Peri\u010di\u0107a 14, 23 000 Zadar, Croatia<\/p>\n<p><strong>Website:\u00a0<\/strong> <a href=\"https:\/\/www.hotel-kolovare.com\" target=\"_blank\" rel=\"noopener\">www.hotel-kolovare.com<\/a><\/p>\n<p>&nbsp;<\/p>\n<h4>Accommodation booking<\/h4>\n<p>The Organizing Committee has arranged special rates for participants and their accompanying guests. To take advantage of these rates, please ensure that all reservations are made by August 10, 2025, and exclusively through our technical organizer, One Travel, using the following contacts: <a href=\"mailto:kristijan@enjoycroatia.eu\" target=\"_blank\" rel=\"noopener\">kristijan@enjoycroatia.eu<\/a> or <a href=\"mailto:matija@enjoycroatia.eu\" target=\"_blank\" rel=\"noopener\">matija@enjoycroatia.eu<\/a><\/p>\n<p>&nbsp;<\/p>\n<p>&nbsp;<\/p>\n<p>&nbsp;<\/p>\n<p>Please note that there is a limited number of rooms and participants are advised to book their accommodation as early as possible or the Organizing Committee cannot guarantee their accommodation.<\/p>\n","protected":false},"excerpt":{"rendered":"<p>&nbsp; Registration fee Early registration fees: before\u00a0August 4, 2025. Register now! Type of fee Before August 4, 2025 After August 4, 2025 Full registration fee 430 EUR 500 EUR Student fee 330 EUR 400 EUR Accompanying persons fee 200 EUR 250 EUR On-site full registration (cash only) 550 EUR &nbsp; Payments Payments must be made [&hellip;]<\/p>\n","protected":false},"author":1,"featured_media":0,"parent":0,"menu_order":0,"comment_status":"closed","ping_status":"closed","template":"","meta":{"_acf_changed":false,"footnotes":""},"class_list":["post-616","page","type-page","status-publish","hentry"],"acf":[],"_links":{"self":[{"href":"https:\/\/hmd-cms.hr\/cesar2025\/wp-json\/wp\/v2\/pages\/616","targetHints":{"allow":["GET"]}}],"collection":[{"href":"https:\/\/hmd-cms.hr\/cesar2025\/wp-json\/wp\/v2\/pages"}],"about":[{"href":"https:\/\/hmd-cms.hr\/cesar2025\/wp-json\/wp\/v2\/types\/page"}],"author":[{"embeddable":true,"href":"https:\/\/hmd-cms.hr\/cesar2025\/wp-json\/wp\/v2\/users\/1"}],"replies":[{"embeddable":true,"href":"https:\/\/hmd-cms.hr\/cesar2025\/wp-json\/wp\/v2\/comments?post=616"}],"version-history":[{"count":52,"href":"https:\/\/hmd-cms.hr\/cesar2025\/wp-json\/wp\/v2\/pages\/616\/revisions"}],"predecessor-version":[{"id":1477,"href":"https:\/\/hmd-cms.hr\/cesar2025\/wp-json\/wp\/v2\/pages\/616\/revisions\/1477"}],"wp:attachment":[{"href":"https:\/\/hmd-cms.hr\/cesar2025\/wp-json\/wp\/v2\/media?parent=616"}],"curies":[{"name":"wp","href":"https:\/\/api.w.org\/{rel}","templated":true}]}}