{"id":692,"date":"2017-09-30T11:26:56","date_gmt":"2017-09-30T09:26:56","guid":{"rendered":"https:\/\/hmd-cms.hr\/cesar2025\/?page_id=692"},"modified":"2025-03-27T14:25:54","modified_gmt":"2025-03-27T13:25:54","slug":"icgebgrants","status":"publish","type":"page","link":"https:\/\/hmd-cms.hr\/cesar2025\/icgebgrants\/","title":{"rendered":"ICGEB Grant"},"content":{"rendered":"<h2>Fellowships supported by the International Centre for Genetic Engineering and Biotechnology (ICGEB)<\/h2>\n<p><a href=\"https:\/\/www.icgeb.org\/\"><img loading=\"lazy\" decoding=\"async\" class=\"alignnone size-full wp-image-779\" src=\"https:\/\/hmd-cms.hr\/cesar2025\/wp-content\/uploads\/icgeb-logo.jpg\" alt=\"\" width=\"800\" height=\"380\" srcset=\"https:\/\/hmd-cms.hr\/cesar2025\/wp-content\/uploads\/icgeb-logo.jpg 800w, https:\/\/hmd-cms.hr\/cesar2025\/wp-content\/uploads\/icgeb-logo-300x143.jpg 300w, https:\/\/hmd-cms.hr\/cesar2025\/wp-content\/uploads\/icgeb-logo-768x365.jpg 768w, https:\/\/hmd-cms.hr\/cesar2025\/wp-content\/uploads\/icgeb-logo-315x150.jpg 315w, https:\/\/hmd-cms.hr\/cesar2025\/wp-content\/uploads\/icgeb-logo-400x190.jpg 400w, https:\/\/hmd-cms.hr\/cesar2025\/wp-content\/uploads\/icgeb-logo-345x164.jpg 345w\" sizes=\"auto, (max-width: 800px) 100vw, 800px\" \/><\/a><\/p>\n<p>&nbsp;<\/p>\n<p><a href=\"https:\/\/www.icgeb.org\/\">ICGEB<\/a> Grants available &#8211; Applications are invited from participants who are <a href=\"https:\/\/www.icgeb.org\/members-states\/\">ICGEB Member State<\/a>\u200b nationals, for fellowships in the amount of Euro 800 to attend the symposium with preference being given to applicants who have had abstracts accepted for the meeting and residing outside of Croatia.<\/p>\n<p>Grants will cover accommodation (4 nights, twin share, breakfast included) and fee waive (lecture attendance, symposium materials, coffee breaks, welcome reception and symposium dinner) to attend the meeting.<\/p>\n<p>Deadline for receipt\u200b of applications: <strong>July 6, 2025<\/strong><\/p>\n<p>Organizers: Roberto Antolovi\u0107 (President of CESAR2025, Catholic University of Croatia), Gordana Maravi\u0107 Vlahovi\u010dek (President of the International Programme Committee, University of Zagreb, Croatia)<\/p>\n<p>If you are eligible, and wish to apply for the ICGEB Grant, fill out <a href=\"https:\/\/www.icgeb.org\/cesar-croatia-2025\/\" target=\"_blank\" rel=\"noopener\">the application form.<\/a><\/p>\n<p>&nbsp;<\/p>\n","protected":false},"excerpt":{"rendered":"<p>Fellowships supported by the International Centre for Genetic Engineering and Biotechnology (ICGEB) &nbsp; ICGEB Grants available &#8211; Applications are invited from participants who are ICGEB Member State\u200b nationals, for fellowships in the amount of Euro 800 to attend the symposium with preference being given to applicants who have had abstracts accepted for the meeting and [&hellip;]<\/p>\n","protected":false},"author":1,"featured_media":0,"parent":0,"menu_order":0,"comment_status":"closed","ping_status":"closed","template":"","meta":{"_acf_changed":false,"footnotes":""},"class_list":["post-692","page","type-page","status-publish","hentry"],"acf":[],"_links":{"self":[{"href":"https:\/\/hmd-cms.hr\/cesar2025\/wp-json\/wp\/v2\/pages\/692","targetHints":{"allow":["GET"]}}],"collection":[{"href":"https:\/\/hmd-cms.hr\/cesar2025\/wp-json\/wp\/v2\/pages"}],"about":[{"href":"https:\/\/hmd-cms.hr\/cesar2025\/wp-json\/wp\/v2\/types\/page"}],"author":[{"embeddable":true,"href":"https:\/\/hmd-cms.hr\/cesar2025\/wp-json\/wp\/v2\/users\/1"}],"replies":[{"embeddable":true,"href":"https:\/\/hmd-cms.hr\/cesar2025\/wp-json\/wp\/v2\/comments?post=692"}],"version-history":[{"count":13,"href":"https:\/\/hmd-cms.hr\/cesar2025\/wp-json\/wp\/v2\/pages\/692\/revisions"}],"predecessor-version":[{"id":1358,"href":"https:\/\/hmd-cms.hr\/cesar2025\/wp-json\/wp\/v2\/pages\/692\/revisions\/1358"}],"wp:attachment":[{"href":"https:\/\/hmd-cms.hr\/cesar2025\/wp-json\/wp\/v2\/media?parent=692"}],"curies":[{"name":"wp","href":"https:\/\/api.w.org\/{rel}","templated":true}]}}