{"id":1188,"date":"2024-09-16T12:23:37","date_gmt":"2024-09-16T10:23:37","guid":{"rendered":"https:\/\/hmd-cms.hr\/power-of-viruses-2024\/?page_id=1188"},"modified":"2024-09-19T22:56:24","modified_gmt":"2024-09-19T20:56:24","slug":"poster-presentations","status":"publish","type":"page","link":"https:\/\/hmd-cms.hr\/power-of-viruses-2024\/poster-presentations\/","title":{"rendered":"Poster presentations"},"content":{"rendered":"<table width=\"661\">\n<tbody>\n<tr>\n<td colspan=\"3\" width=\"62\"><strong>Poster Session 1<\/strong><\/p>\n<p><strong>Thursday \u2013 September 26, 2024<\/strong><\/td>\n<\/tr>\n<tr>\n<td width=\"62\"><strong>Label<\/strong><\/td>\n<td width=\"166\"><strong>Author<\/strong><\/td>\n<td width=\"433\"><strong>Title<\/strong><\/td>\n<\/tr>\n<tr>\n<td width=\"62\">PS1-1<\/td>\n<td width=\"166\">Ion Gutierrez-Aguirre<\/td>\n<td width=\"433\">Setting up a monitoring of highly pathogenic avian influenza virus in environmental waters at migratory bird gathering sites<\/td>\n<\/tr>\n<tr>\n<td width=\"62\">PS1-2<\/td>\n<td width=\"166\">Bernard Jari\u0107<\/td>\n<td width=\"433\">Investigation of miRNA modulation during infection with potato spindle tuber viroid (PSTVd) upon treatment with 2,6-dichloroisonicotinic acid (INA)<\/td>\n<\/tr>\n<tr>\n<td width=\"62\">PS1-3<\/td>\n<td width=\"166\">Daria Budzy\u0144ska<\/td>\n<td width=\"433\">Molecular characteristics of Polish watermelon mosaic virus isolates<\/td>\n<\/tr>\n<tr>\n<td width=\"62\">PS1-4<\/td>\n<td width=\"166\">Dijana \u0160kori\u0107<\/td>\n<td width=\"433\">\u00a0Extraction-free method for citrus leaf blotch virus RT-PCR detection from sweet orange samples<\/td>\n<\/tr>\n<tr>\n<td width=\"62\">PS1-5<\/td>\n<td width=\"166\">Jelena Zidovi\u0107<\/td>\n<td width=\"433\">First report and complete genome of citrus vein enation virus infecting Satsuma mandarin in Montenegro<\/td>\n<\/tr>\n<tr>\n<td width=\"62\">PS1-6<\/td>\n<td width=\"166\">Julia Minicka<\/td>\n<td width=\"433\">Occurrence and population structure of viruses infecting zucchini in Poland<\/td>\n<\/tr>\n<tr>\n<td width=\"62\">PS1-7<\/td>\n<td width=\"166\">Luka Kranjc<\/td>\n<td width=\"433\">Viral Treasure Hunt: Unearthing Novel Tobamoviruses in Public Databases<\/td>\n<\/tr>\n<tr>\n<td width=\"62\">PS1-8<\/td>\n<td width=\"166\">Maja Ravnikar<\/td>\n<td width=\"433\">Water and soil contaminated with emerging tobamoviruses are the source of plant infections<\/td>\n<\/tr>\n<tr>\n<td width=\"62\">PS1-9<\/td>\n<td width=\"166\">Marcelo Eiras<\/td>\n<td width=\"433\">Virome analysis reveals the presence of hop latent virus in hops in Brazil<\/td>\n<\/tr>\n<tr>\n<td width=\"62\">PS1-10<\/td>\n<td width=\"166\">Mariyana Gozmanova<\/td>\n<td width=\"433\">Pathogen Profiling of Petunia hybrida Using High-Throughput RNA Sequencing and Multilocus Sequence Typing Analysis<\/td>\n<\/tr>\n<tr>\n<td width=\"62\">PS1-11<\/td>\n<td width=\"166\">Radovan \u010cobanovi\u0107<\/td>\n<td width=\"433\">Detection of norovirus and hepatitis A virus in berries<\/td>\n<\/tr>\n<tr>\n<td width=\"62\">PS1-12<\/td>\n<td width=\"166\">Sunny Dhir<\/td>\n<td width=\"433\">Development and application of Apple stem grooving virus as VIGS vector<\/td>\n<\/tr>\n<tr>\n<td width=\"62\">PS1-13<\/td>\n<td width=\"166\">Vivien F\u00e1k\u00f3<\/td>\n<td width=\"433\">Investigation of RNAi Suppressor Coding Capacity of Prunus Virus F and Cherry Virus A in Solo and Mixed Infections<\/td>\n<\/tr>\n<tr>\n<td width=\"62\">PS1-14<\/td>\n<td width=\"166\">Yashika Walia Dhir<\/td>\n<td width=\"433\">Exploring viroids within the extra-cellular space of plants and their potential implications in cross-kingdom trafficking<\/td>\n<\/tr>\n<tr>\n<td width=\"62\">PS1-15<\/td>\n<td width=\"166\">Katarzyna Trzmiel<\/td>\n<td width=\"433\">Molecular characteristics of barley virus G isolates from Poland<\/td>\n<\/tr>\n<tr>\n<td width=\"62\">PS1-16<\/td>\n<td width=\"166\">Dora Pavi\u0107<\/td>\n<td width=\"433\">A novel bunya-like virus discovered in <em>Aphanomyces laevis<\/em>, an opportunistic oomycete pathogen of fishes<\/td>\n<\/tr>\n<tr>\n<td width=\"62\">PS1-17<\/td>\n<td width=\"166\">Matthaios Mathioudakis<\/td>\n<td width=\"433\">Identification of citrus viruses and viroids in new weed hosts in Greece<\/td>\n<\/tr>\n<tr>\n<td width=\"62\">PS1-18<\/td>\n<td width=\"166\">Almash Jahan<\/td>\n<td width=\"433\">Investigation of VSR coding capacity and possible synergistic effect of P0 and P4 protein of apple luteovirus 1<\/td>\n<\/tr>\n<\/tbody>\n<\/table>\n<p>&nbsp;<\/p>\n<p>&nbsp;<\/p>\n<table width=\"661\">\n<tbody>\n<tr>\n<td colspan=\"3\" width=\"62\"><strong>Poster Session 2<\/strong><\/p>\n<p><strong>Friday \u2013 September 27, 2024<\/strong><\/td>\n<\/tr>\n<tr>\n<td width=\"62\"><strong>Label <\/strong><\/td>\n<td width=\"166\"><strong>Name<\/strong><\/td>\n<td width=\"433\"><strong>Title<\/strong><\/td>\n<\/tr>\n<tr>\n<td width=\"62\">PS2-1<\/td>\n<td width=\"166\">Nina Kobe<\/td>\n<td width=\"433\">Novel SARS-CoV-2 E protein inhibitor identified in \u201e<em>in vitro\u201c<\/em> study using a surrogate murine hepatitis virus<\/td>\n<\/tr>\n<tr>\n<td width=\"62\">PS2-2<\/td>\n<td width=\"166\">Polona Kogov\u0161ek<\/td>\n<td width=\"433\">Evaluation of antiviral activity of natural products on model bacteriophages and mammalian viruses<\/td>\n<\/tr>\n<tr>\n<td width=\"62\">PS2-3<\/td>\n<td width=\"166\">Luka Kranjc<\/td>\n<td width=\"433\">Viral landscapes of different crayfish species imported through the pet trade<\/td>\n<\/tr>\n<tr>\n<td width=\"62\">PS2-4<\/td>\n<td width=\"166\">Antigoni Katsoulidou<\/td>\n<td width=\"433\">Epidemiological and clinical characteristics of laboratory-confirmed MPOX cases in Greece &#8211; Central Public Health Laboratory (CPHL), June 2022-April 2023<\/td>\n<\/tr>\n<tr>\n<td width=\"62\">PS2-5<\/td>\n<td width=\"166\">Irena Tabain<\/td>\n<td width=\"433\">Echovirus 30 in Croatia during 2010-2019<\/td>\n<\/tr>\n<tr>\n<td width=\"62\">PS2-6<\/td>\n<td width=\"166\">Sara Pata\u010dko<\/td>\n<td width=\"433\">PCR detection of herpes simplex virus 1 in patients with herpetic stromal keratitis<\/td>\n<\/tr>\n<tr>\n<td width=\"62\">PS2-7<\/td>\n<td width=\"166\">Vanja Kaliterna<\/td>\n<td width=\"433\">Extended HPV genotyping enables risk stratification for cervical cancer<\/td>\n<\/tr>\n<tr>\n<td width=\"62\">PS2-8<\/td>\n<td width=\"166\">Gergana Zahmanova<\/td>\n<td width=\"433\">SARS-CoV-2 Serological Diagnostic Development Using a Double Recognition Immunoassay Based on Plant-produced Nucleoprotein (N) and Receptor Binding Domain (RBD)<\/td>\n<\/tr>\n<tr>\n<td width=\"62\">PS2-9<\/td>\n<td width=\"166\">Ivana Ron\u010devi\u0107<\/td>\n<td width=\"433\">Occurrence of highly pathogenic avian influenza in Croatia<\/td>\n<\/tr>\n<tr>\n<td width=\"62\">PS2-10<\/td>\n<td width=\"166\">Dominik Herek<\/td>\n<td width=\"433\">Characterization of infection and experimental evolution of Orsay virus in different species of the genus Caenorhabditis<\/td>\n<\/tr>\n<tr>\n<td width=\"62\">PS2-11<\/td>\n<td width=\"166\">Marin Je\u017ei\u0107<\/td>\n<td width=\"433\">Viral population diversity changes after vertical and horizontal transmission<\/td>\n<\/tr>\n<tr>\n<td width=\"62\">PS2-12<\/td>\n<td width=\"166\">Lilla D\u00e9nes<\/td>\n<td width=\"433\">Detection and phylogenetic characterization of porcine circovirus 2 and 3 strains in Hungary<\/td>\n<\/tr>\n<tr>\n<td width=\"62\">PS2-13<\/td>\n<td width=\"166\">Michaela Staetter<\/td>\n<td width=\"433\">Establishment of whole genome sequencing-based Influenza A virus surveillance targeting avian and porcine cases in Austria<\/td>\n<\/tr>\n<tr>\n<td width=\"62\">PS2-14<\/td>\n<td width=\"166\">Adrian Perhat<\/td>\n<td width=\"433\">ADAR1 translocates from the nucleus to the cytoplasm during productive infection with herpes simplex virus 1<\/td>\n<\/tr>\n<tr>\n<td width=\"62\">PS2-15<\/td>\n<td width=\"166\">Barbara Radi\u0107<\/td>\n<td width=\"433\">Murine cytomegalovirus disrupts endosomal recycling by altering the ubiquitination status of EHD1 and MICALL1<\/td>\n<\/tr>\n<tr>\n<td width=\"62\">PS2-16<\/td>\n<td width=\"166\">Sabina Fijan<\/td>\n<td width=\"433\">Probiotics as antiviral agents for the treatment of rotavirus gastrointestinal infections in children<\/td>\n<\/tr>\n<tr>\n<td width=\"62\">PS2-17<\/td>\n<td width=\"166\">Tatjana Vilibi\u0107-\u010cavlek<\/td>\n<td width=\"433\">Rubella in childbearing-aged women in Croatia: preliminary seroprevalence results<\/td>\n<\/tr>\n<tr>\n<td width=\"62\">PS2-18<\/td>\n<td width=\"166\">Jelena Ivan\u010di\u0107 Jele\u010dki<\/td>\n<td width=\"433\">Genetic stability of recombinant mumps viruses generated by reverse genetics technology<\/td>\n<\/tr>\n<tr>\n<td width=\"62\">PS2-19<\/td>\n<td width=\"166\">Maja Jagu\u0161i\u0107<\/td>\n<td width=\"433\">Effect of short, non-viral sequence inserted in the 3&#8242; untranslated region of hemagglutinin-neuraminidase on mumps virus neurovirulence<\/td>\n<\/tr>\n<\/tbody>\n<\/table>\n<p>&nbsp;<\/p>\n","protected":false},"excerpt":{"rendered":"<p>Poster Session 1 Thursday \u2013 September 26, 2024 Label Author Title PS1-1 Ion Gutierrez-Aguirre Setting up a monitoring of highly pathogenic avian influenza virus in environmental waters at migratory bird gathering sites PS1-2 Bernard Jari\u0107 Investigation of miRNA modulation during infection with potato spindle tuber viroid (PSTVd) upon treatment with 2,6-dichloroisonicotinic acid (INA) PS1-3 Daria [&hellip;]<\/p>\n","protected":false},"author":2,"featured_media":0,"parent":0,"menu_order":0,"comment_status":"closed","ping_status":"closed","template":"","meta":{"footnotes":""},"class_list":["post-1188","page","type-page","status-publish","hentry"],"_links":{"self":[{"href":"https:\/\/hmd-cms.hr\/power-of-viruses-2024\/wp-json\/wp\/v2\/pages\/1188","targetHints":{"allow":["GET"]}}],"collection":[{"href":"https:\/\/hmd-cms.hr\/power-of-viruses-2024\/wp-json\/wp\/v2\/pages"}],"about":[{"href":"https:\/\/hmd-cms.hr\/power-of-viruses-2024\/wp-json\/wp\/v2\/types\/page"}],"author":[{"embeddable":true,"href":"https:\/\/hmd-cms.hr\/power-of-viruses-2024\/wp-json\/wp\/v2\/users\/2"}],"replies":[{"embeddable":true,"href":"https:\/\/hmd-cms.hr\/power-of-viruses-2024\/wp-json\/wp\/v2\/comments?post=1188"}],"version-history":[{"count":3,"href":"https:\/\/hmd-cms.hr\/power-of-viruses-2024\/wp-json\/wp\/v2\/pages\/1188\/revisions"}],"predecessor-version":[{"id":1206,"href":"https:\/\/hmd-cms.hr\/power-of-viruses-2024\/wp-json\/wp\/v2\/pages\/1188\/revisions\/1206"}],"wp:attachment":[{"href":"https:\/\/hmd-cms.hr\/power-of-viruses-2024\/wp-json\/wp\/v2\/media?parent=1188"}],"curies":[{"name":"wp","href":"https:\/\/api.w.org\/{rel}","templated":true}]}}