{"id":543,"date":"2017-08-03T20:14:27","date_gmt":"2017-08-03T18:14:27","guid":{"rendered":"http:\/\/hmd-cms.hr\/power-of-viruses-2024\/?page_id=543"},"modified":"2024-09-04T09:44:23","modified_gmt":"2024-09-04T07:44:23","slug":"organisers","status":"publish","type":"page","link":"https:\/\/hmd-cms.hr\/power-of-viruses-2024\/organisers\/","title":{"rendered":"Organisers"},"content":{"rendered":"<table style=\"border-collapse: collapse; width: 100%;\" border=\"1\">\n<tbody>\n<tr>\n<td style=\"width: 50%;\">\n<ul>\n<li>Croatian Microbiological Society<\/li>\n<\/ul>\n<\/td>\n<td style=\"width: 50%;\"><\/td>\n<\/tr>\n<tr>\n<td style=\"width: 50%;\"><img loading=\"lazy\" decoding=\"async\" class=\"alignnone size-full wp-image-934\" src=\"http:\/\/hmd-cms.hr\/power-of-viruses-2024\/wp-content\/uploads\/hmd-logo.jpg\" alt=\"\" width=\"150\" height=\"150\" \/><\/td>\n<td style=\"width: 50%;\"><\/td>\n<\/tr>\n<\/tbody>\n<\/table>\n<p>&nbsp;<\/p>\n<p>&nbsp;<\/p>\n<p><strong>Co-organisers:<\/strong><\/p>\n<table style=\"border-collapse: collapse; width: 100%;\" border=\"1\">\n<tbody>\n<tr>\n<td style=\"width: 50%;\">\n<ul>\n<li>Croatian Institute of Public Health<\/li>\n<\/ul>\n<\/td>\n<td style=\"width: 50%;\">\n<ul>\n<li>Croatian Society for Clinical Microbiology &#8211; Virology Section<\/li>\n<\/ul>\n<\/td>\n<\/tr>\n<tr>\n<td style=\"width: 50%;\"><img loading=\"lazy\" decoding=\"async\" class=\"alignnone size-medium wp-image-1138\" src=\"http:\/\/hmd-cms.hr\/power-of-viruses-2024\/wp-content\/uploads\/hzjz-300x54.png\" alt=\"\" width=\"300\" height=\"54\" srcset=\"https:\/\/hmd-cms.hr\/power-of-viruses-2024\/wp-content\/uploads\/hzjz-300x54.png 300w, https:\/\/hmd-cms.hr\/power-of-viruses-2024\/wp-content\/uploads\/hzjz-315x57.png 315w, https:\/\/hmd-cms.hr\/power-of-viruses-2024\/wp-content\/uploads\/hzjz-400x72.png 400w, https:\/\/hmd-cms.hr\/power-of-viruses-2024\/wp-content\/uploads\/hzjz.png 630w\" sizes=\"auto, (max-width: 300px) 100vw, 300px\" \/><\/td>\n<td style=\"width: 50%;\"><img loading=\"lazy\" decoding=\"async\" class=\"alignnone size-full wp-image-935\" src=\"http:\/\/hmd-cms.hr\/power-of-viruses-2024\/wp-content\/uploads\/hdkm_logo.jpg\" alt=\"\" width=\"150\" height=\"150\" \/><\/td>\n<\/tr>\n<tr>\n<td style=\"width: 50%;\">\n<ul>\n<li>Croatian Veterinary Institute<\/li>\n<\/ul>\n<\/td>\n<td style=\"width: 50%;\">\n<ul>\n<li>Hungarian Society for Microbiology<\/li>\n<\/ul>\n<\/td>\n<\/tr>\n<tr>\n<td style=\"width: 50%;\"><img loading=\"lazy\" decoding=\"async\" class=\"alignnone wp-image-1070\" src=\"http:\/\/hmd-cms.hr\/power-of-viruses-2024\/wp-content\/uploads\/HVI_logo-mali-300x212.jpg\" alt=\"\" width=\"191\" height=\"135\" srcset=\"https:\/\/hmd-cms.hr\/power-of-viruses-2024\/wp-content\/uploads\/HVI_logo-mali-300x212.jpg 300w, https:\/\/hmd-cms.hr\/power-of-viruses-2024\/wp-content\/uploads\/HVI_logo-mali-297x210.jpg 297w, https:\/\/hmd-cms.hr\/power-of-viruses-2024\/wp-content\/uploads\/HVI_logo-mali-232x164.jpg 232w, https:\/\/hmd-cms.hr\/power-of-viruses-2024\/wp-content\/uploads\/HVI_logo-mali.jpg 313w\" sizes=\"auto, (max-width: 191px) 100vw, 191px\" \/><\/td>\n<td style=\"width: 50%;\"><img loading=\"lazy\" decoding=\"async\" class=\"alignnone wp-image-728\" src=\"http:\/\/hmd-cms.hr\/power-of-viruses-2024\/wp-content\/uploads\/madjarsko-mikrob-drustvo.png\" alt=\"\" width=\"135\" height=\"135\" srcset=\"https:\/\/hmd-cms.hr\/power-of-viruses-2024\/wp-content\/uploads\/madjarsko-mikrob-drustvo.png 320w, https:\/\/hmd-cms.hr\/power-of-viruses-2024\/wp-content\/uploads\/madjarsko-mikrob-drustvo-150x150.png 150w, https:\/\/hmd-cms.hr\/power-of-viruses-2024\/wp-content\/uploads\/madjarsko-mikrob-drustvo-300x300.png 300w, https:\/\/hmd-cms.hr\/power-of-viruses-2024\/wp-content\/uploads\/madjarsko-mikrob-drustvo-210x210.png 210w, https:\/\/hmd-cms.hr\/power-of-viruses-2024\/wp-content\/uploads\/madjarsko-mikrob-drustvo-267x267.png 267w, https:\/\/hmd-cms.hr\/power-of-viruses-2024\/wp-content\/uploads\/madjarsko-mikrob-drustvo-164x164.png 164w\" sizes=\"auto, (max-width: 135px) 100vw, 135px\" \/><\/td>\n<\/tr>\n<tr>\n<td style=\"width: 50%;\">\n<ul>\n<li>Slovenian Microbiological Society<\/li>\n<\/ul>\n<\/td>\n<td style=\"width: 50%;\"><\/td>\n<\/tr>\n<tr>\n<td style=\"width: 50%;\"><img loading=\"lazy\" decoding=\"async\" class=\"alignnone wp-image-716\" src=\"http:\/\/hmd-cms.hr\/power-of-viruses-2024\/wp-content\/uploads\/LOGOTIP-SMD-ENGLISH1.png\" alt=\"\" width=\"120\" height=\"120\" srcset=\"https:\/\/hmd-cms.hr\/power-of-viruses-2024\/wp-content\/uploads\/LOGOTIP-SMD-ENGLISH1.png 472w, https:\/\/hmd-cms.hr\/power-of-viruses-2024\/wp-content\/uploads\/LOGOTIP-SMD-ENGLISH1-150x150.png 150w, https:\/\/hmd-cms.hr\/power-of-viruses-2024\/wp-content\/uploads\/LOGOTIP-SMD-ENGLISH1-300x300.png 300w, https:\/\/hmd-cms.hr\/power-of-viruses-2024\/wp-content\/uploads\/LOGOTIP-SMD-ENGLISH1-210x210.png 210w, https:\/\/hmd-cms.hr\/power-of-viruses-2024\/wp-content\/uploads\/LOGOTIP-SMD-ENGLISH1-267x267.png 267w, https:\/\/hmd-cms.hr\/power-of-viruses-2024\/wp-content\/uploads\/LOGOTIP-SMD-ENGLISH1-460x460.png 460w, https:\/\/hmd-cms.hr\/power-of-viruses-2024\/wp-content\/uploads\/LOGOTIP-SMD-ENGLISH1-164x164.png 164w\" sizes=\"auto, (max-width: 120px) 100vw, 120px\" \/><\/td>\n<td style=\"width: 50%;\"><\/td>\n<\/tr>\n<\/tbody>\n<\/table>\n<p>&nbsp;<\/p>\n<p>&nbsp;<\/p>\n<p><strong>PRESIDENT OF THE SYMPOSIUM<\/strong><\/p>\n<ul>\n<li>Irena Tabain<\/li>\n<\/ul>\n<p><strong>SECRETARY OF THE SYMPOSIUM<\/strong><\/p>\n<ul>\n<li>Mirta Balenovi\u0107<\/li>\n<\/ul>\n<p><strong>TREASURER OF THE SYMPOSIUM<\/strong><\/p>\n<ul>\n<li>Marina Svetec Mikleni\u0107<\/li>\n<\/ul>\n<p>&nbsp;<\/p>\n<p>&nbsp;<\/p>\n<h4>Organizing Committee<\/h4>\n<ul>\n<li>Roberto Antolovi\u0107<\/li>\n<li>Marina Dr\u010deli\u0107<\/li>\n<li>Ivana Feren\u010dak<\/li>\n<li>Jelena Ivan\u010di\u0107 Jele\u010dki<\/li>\n<li>Maja Jagu\u0161i\u0107<\/li>\n<li>Vladimir Stevanovi\u0107<\/li>\n<li>Tatjana Vilibi\u0107-\u010cavlek<\/li>\n<li>Manuela Zadravec<\/li>\n<\/ul>\n<p>&nbsp;<\/p>\n<h4>International Scientific Committee<\/h4>\n<p>(in Alphabetical order):<\/p>\n<ul>\n<li>J\u00f3zsef K\u00f3nya (Hungary)<\/li>\n<li>Mi\u0161a Korva (Slovenia)<\/li>\n<li>Denis Kutnjak (Slovenia)<\/li>\n<li>S\u00e9bastien Massart (Belgium)<\/li>\n<li>Beatriz Navarro (Italy)<\/li>\n<li>Tama\u0161 Petrovi\u0107 (Srbia)<\/li>\n<li>Francesco di Serio (Italy)<\/li>\n<li>Tina Ur\u0161i\u010d (Slovenia)<\/li>\n<li>\u00c9va V\u00e1rallyay (Hungary)<\/li>\n<\/ul>\n<p>Croatia:<\/p>\n<ul>\n<li>Ljubo Barbi\u0107<\/li>\n<li>Dragan Brni\u0107<\/li>\n<li>Jelena Ivan\u010di\u0107-Jele\u010dki<\/li>\n<li>Sun\u010danica Ljubin Sternak<\/li>\n<li>Dragomira Majhen<\/li>\n<li>Alemka Markoti\u0107<\/li>\n<li>Marija Santini<\/li>\n<li>Vladimir Savi\u0107<\/li>\n<li>Dijana \u0160kori\u0107<\/li>\n<li>Vjekoslav Tomai\u0107<\/li>\n<li>Jasmina Vrane\u0161<\/li>\n<\/ul>\n<p>&nbsp;<\/p>\n<p>&nbsp;<\/p>\n<p><strong>Force majeure<\/strong><\/p>\n<p>In case of force majeure (defined as any event or circumstance that is clearly outside the control of Symposium organizers; such as, but not limited to, war, strike, terrorism or threat of terrorism,\u00a0 epidemics or outbreaks, fire and other \u201cacts of God\u201d), the Power of Virus 2024 conference organizers have the right to alter or cancel the conference without previous notice. The organizers shall not be liable for any damages and losses or any other participants, sponsors and supporters inconveniences or costs caused by such modification or cancellation of the Symposium.<\/p>\n","protected":false},"excerpt":{"rendered":"<p>Croatian Microbiological Society &nbsp; &nbsp; Co-organisers: Croatian Institute of Public Health Croatian Society for Clinical Microbiology &#8211; Virology Section Croatian Veterinary Institute Hungarian Society for Microbiology Slovenian Microbiological Society &nbsp; &nbsp; PRESIDENT OF THE SYMPOSIUM Irena Tabain SECRETARY OF THE SYMPOSIUM Mirta Balenovi\u0107 TREASURER OF THE SYMPOSIUM Marina Svetec Mikleni\u0107 &nbsp; &nbsp; Organizing Committee Roberto [&hellip;]<\/p>\n","protected":false},"author":1,"featured_media":0,"parent":0,"menu_order":0,"comment_status":"closed","ping_status":"closed","template":"","meta":{"footnotes":""},"class_list":["post-543","page","type-page","status-publish","hentry"],"_links":{"self":[{"href":"https:\/\/hmd-cms.hr\/power-of-viruses-2024\/wp-json\/wp\/v2\/pages\/543","targetHints":{"allow":["GET"]}}],"collection":[{"href":"https:\/\/hmd-cms.hr\/power-of-viruses-2024\/wp-json\/wp\/v2\/pages"}],"about":[{"href":"https:\/\/hmd-cms.hr\/power-of-viruses-2024\/wp-json\/wp\/v2\/types\/page"}],"author":[{"embeddable":true,"href":"https:\/\/hmd-cms.hr\/power-of-viruses-2024\/wp-json\/wp\/v2\/users\/1"}],"replies":[{"embeddable":true,"href":"https:\/\/hmd-cms.hr\/power-of-viruses-2024\/wp-json\/wp\/v2\/comments?post=543"}],"version-history":[{"count":43,"href":"https:\/\/hmd-cms.hr\/power-of-viruses-2024\/wp-json\/wp\/v2\/pages\/543\/revisions"}],"predecessor-version":[{"id":1156,"href":"https:\/\/hmd-cms.hr\/power-of-viruses-2024\/wp-json\/wp\/v2\/pages\/543\/revisions\/1156"}],"wp:attachment":[{"href":"https:\/\/hmd-cms.hr\/power-of-viruses-2024\/wp-json\/wp\/v2\/media?parent=543"}],"curies":[{"name":"wp","href":"https:\/\/api.w.org\/{rel}","templated":true}]}}