{"id":841,"date":"2024-04-10T10:48:33","date_gmt":"2024-04-10T08:48:33","guid":{"rendered":"http:\/\/hmd-cms.hr\/power-of-viruses-2024\/?page_id=841"},"modified":"2024-09-23T13:37:23","modified_gmt":"2024-09-23T11:37:23","slug":"programme","status":"publish","type":"page","link":"https:\/\/hmd-cms.hr\/power-of-viruses-2024\/programme\/","title":{"rendered":"Programme"},"content":{"rendered":"<p><strong>Wednesday <\/strong><strong>\u2013<\/strong> <strong>September 25, 2024<\/strong><\/p>\n<table width=\"100%\">\n<tbody>\n<tr>\n<td width=\"7%\"><\/td>\n<td width=\"4%\"><\/td>\n<td width=\"7%\"><\/td>\n<td width=\"5%\"><\/td>\n<td width=\"4%\"><\/td>\n<td width=\"70%\">ARRIVAL OF PARTICIPANTS AND ACCOMMODATION<\/td>\n<\/tr>\n<tr>\n<td width=\"7%\">13.00<\/td>\n<td width=\"4%\">\u2013<\/td>\n<td width=\"7%\">14.00<\/td>\n<td width=\"5%\"><\/td>\n<td width=\"4%\"><\/td>\n<td width=\"70%\">Registration of participants<\/td>\n<\/tr>\n<tr>\n<td width=\"7%\">14.00<\/td>\n<td width=\"4%\">\u2013<\/td>\n<td width=\"7%\">14.30<\/td>\n<td width=\"5%\"><\/td>\n<td width=\"4%\"><\/td>\n<td width=\"70%\">Opening ceremony<\/td>\n<\/tr>\n<tr>\n<td width=\"7%\">14.30<\/td>\n<td width=\"4%\">\u2013<\/td>\n<td width=\"7%\">15.00<\/td>\n<td width=\"5%\">KL<\/td>\n<td width=\"4%\">1<\/td>\n<td width=\"70%\">Mart Krupovic (France): A kaleidoscope of archaeal viruses<\/td>\n<\/tr>\n<tr>\n<td width=\"7%\">15.00<\/td>\n<td width=\"4%\">\u2013<\/td>\n<td width=\"7%\">15.30<\/td>\n<td width=\"5%\">KL<\/td>\n<td width=\"4%\">2<\/td>\n<td width=\"70%\"><img loading=\"lazy\" decoding=\"async\" class=\" wp-image-1005 alignright\" src=\"http:\/\/hmd-cms.hr\/power-of-viruses-2024\/wp-content\/uploads\/embo-300x215.png\" alt=\"\" width=\"171\" height=\"122\" srcset=\"https:\/\/hmd-cms.hr\/power-of-viruses-2024\/wp-content\/uploads\/embo-300x215.png 300w, https:\/\/hmd-cms.hr\/power-of-viruses-2024\/wp-content\/uploads\/embo-292x210.png 292w, https:\/\/hmd-cms.hr\/power-of-viruses-2024\/wp-content\/uploads\/embo-372x267.png 372w, https:\/\/hmd-cms.hr\/power-of-viruses-2024\/wp-content\/uploads\/embo-228x164.png 228w, https:\/\/hmd-cms.hr\/power-of-viruses-2024\/wp-content\/uploads\/embo.png 433w\" sizes=\"auto, (max-width: 171px) 100vw, 171px\" \/>Santiago F. Elena (Spain): Harnessing the Caenorhabditis elegans\/Orsay virus pathosystem as a new model for experimental virus evolution<\/td>\n<\/tr>\n<tr>\n<td width=\"7%\"><em>15.30<\/em><\/td>\n<td width=\"4%\">\u2013<\/td>\n<td width=\"7%\"><em>16.00<\/em><\/td>\n<td width=\"5%\"><\/td>\n<td width=\"4%\"><\/td>\n<td width=\"70%\"><em>Coffee break<\/em><\/td>\n<\/tr>\n<\/tbody>\n<\/table>\n<p>&nbsp;<\/p>\n<table width=\"100%\">\n<tbody>\n<tr>\n<td colspan=\"6\" width=\"100%\">SESSION I: Virus-host interactions<\/p>\n<p>CHAIRPERSONS: Beatriz Navarro, Tina Ur\u0161i\u010d<\/td>\n<\/tr>\n<tr>\n<td width=\"7%\">16.00<\/td>\n<td width=\"4%\">\u2013<\/td>\n<td width=\"7%\">16.30<\/td>\n<td width=\"5%\">IL<\/td>\n<td width=\"4%\">1<\/td>\n<td width=\"70%\">Beatriz Navarro (Italy): Molecular interplay between viroids and plants<\/td>\n<\/tr>\n<tr>\n<td width=\"7%\">16.30<\/td>\n<td width=\"4%\">\u2013<\/td>\n<td width=\"7%\">17.00<\/td>\n<td width=\"5%\">IL<\/td>\n<td width=\"4%\">2<\/td>\n<td width=\"70%\">Tina Ur\u0161i\u010d (Slovenia): Respiratory viruses and the stories behind the scene<\/td>\n<\/tr>\n<tr>\n<td width=\"7%\">17.00<\/td>\n<td width=\"4%\">&#8211;<\/td>\n<td width=\"7%\">17.15<\/td>\n<td width=\"5%\">OP<\/td>\n<td width=\"4%\">1<\/td>\n<td width=\"70%\">Ilana S. Fratty (Israel): The aftermath of COVID-19: Exploring its impacts on influenza patterns in Israel<\/td>\n<\/tr>\n<tr>\n<td width=\"7%\">17.15<\/td>\n<td width=\"4%\">\u2013<\/td>\n<td width=\"7%\">17.30<\/td>\n<td width=\"5%\">OP<\/td>\n<td width=\"4%\">2<\/td>\n<td width=\"70%\">Marina Pri\u0161lin \u0160imac (Croatia): <em>In vitro<\/em> interaction between canid alphaherpesvirus 1 and canine adipose-derived mesenchymal stem cells: impact on cell gene expression and secretome profile<\/td>\n<\/tr>\n<tr>\n<td width=\"7%\">17.30<\/td>\n<td width=\"4%\">\u2013<\/td>\n<td width=\"7%\">17.45<\/td>\n<td width=\"5%\">OP<\/td>\n<td width=\"4%\">3<\/td>\n<td width=\"70%\">Ivona Viduka (Croatia): Cytomegalovirus secondary envelopment and its release from infected cells is mediated by Rab15-positive membrane organelle<\/td>\n<\/tr>\n<tr>\n<td width=\"7%\"><em>20.00<\/em><\/td>\n<td width=\"4%\"><\/td>\n<td width=\"7%\"><\/td>\n<td width=\"5%\"><\/td>\n<td width=\"4%\"><\/td>\n<td width=\"70%\"><em>Welcome Reception (Swimming Pool)<\/em><\/td>\n<\/tr>\n<\/tbody>\n<\/table>\n<p>&nbsp;<\/p>\n<p><strong>Thursday <\/strong><strong>\u2013<\/strong> <strong>September 26, 2024<\/strong><\/p>\n<table width=\"100%\">\n<tbody>\n<tr>\n<td width=\"6%\">8.00<\/td>\n<td width=\"4%\">\u2013<\/td>\n<td width=\"6%\">9.00<\/td>\n<td width=\"3%\"><\/td>\n<td width=\"8%\"><\/td>\n<td width=\"70%\">REGISTRATION OF PARTICIPANTS<\/td>\n<\/tr>\n<\/tbody>\n<\/table>\n<p>&nbsp;<\/p>\n<table width=\"100%\">\n<tbody>\n<tr>\n<td colspan=\"6\" width=\"100%\">SESSION II: Veterinary virology<\/p>\n<p>CHAIRPERSONS: Lorena Jemer\u0161i\u0107, Dragan Brni\u0107<\/td>\n<\/tr>\n<tr>\n<td width=\"8%\">9.00<\/td>\n<td width=\"4%\">\u2013<\/td>\n<td width=\"7%\">9.30<\/td>\n<td width=\"5%\">IL<\/td>\n<td width=\"5%\">3<\/td>\n<td width=\"69%\">Lorena Jemer\u0161i\u0107 (Croatia): A large virus causing a large problem \u2013 African swine fever virus<\/td>\n<\/tr>\n<tr>\n<td width=\"8%\">9.30<\/td>\n<td width=\"4%\">\u2013<\/td>\n<td width=\"7%\">10.00<\/td>\n<td width=\"5%\">IL<\/td>\n<td width=\"5%\">4<\/td>\n<td width=\"69%\">Sandra Blome (Germany): African swine fever vaccination \u2013 concepts and status quo (<em>online<\/em>)<\/td>\n<\/tr>\n<tr>\n<td width=\"8%\">10.00<\/td>\n<td width=\"4%\">\u2013<\/td>\n<td width=\"7%\">10.15<\/td>\n<td width=\"5%\">OP<\/td>\n<td width=\"5%\">4<\/td>\n<td width=\"69%\">Margarita Bo\u017eikovi\u0107 (Croatia): First detection of porcine lymphotropic herpesviruses 1,2 and 3 in domestic pigs in Croatia<\/td>\n<\/tr>\n<tr>\n<td width=\"8%\">10.15<\/td>\n<td width=\"4%\">\u2013<\/td>\n<td width=\"7%\">10.30<\/td>\n<td width=\"5%\">OP<\/td>\n<td width=\"5%\">5<\/td>\n<td width=\"69%\">Ivana Giovanna Zupi\u010di\u0107 (Croatia): Seawater Outbreak of Infectious Haematopoietic Necrosis (IHN) in Rainbow Trout (<em>Oncorhynchus mykiss<\/em>)<\/td>\n<\/tr>\n<tr>\n<td width=\"8%\">10.30<\/td>\n<td width=\"4%\">\u2013<\/td>\n<td width=\"7%\">10.45<\/td>\n<td width=\"5%\">OP<\/td>\n<td width=\"5%\">6<\/td>\n<td width=\"69%\">Jelena Maksimovi\u0107 Zori\u0107 (Serbia): Establishment of the European Swine Influenza Network (ESFLU) for improvement of the One Health perspective<\/td>\n<\/tr>\n<tr>\n<td width=\"8%\"><em>10.45<\/em><\/td>\n<td width=\"4%\">\u2013<\/td>\n<td width=\"7%\"><em>11.00<\/em><\/td>\n<td width=\"5%\"><em>\u00a0<\/em><\/td>\n<td width=\"5%\"><em>\u00a0<\/em><\/td>\n<td width=\"69%\"><em>Coffee break<\/em><\/td>\n<\/tr>\n<tr>\n<td colspan=\"6\" width=\"100%\">SESSION III:\u00a0 Plant viruses<\/p>\n<p>CHAIRPERSONS: Dijana \u0160kori\u0107, \u00c9va Varallyay<\/td>\n<\/tr>\n<tr>\n<td width=\"8%\">9.00<\/td>\n<td width=\"4%\">\u2013<\/td>\n<td width=\"7%\">9:30<\/td>\n<td width=\"5%\">IL<\/td>\n<td width=\"5%\">5<\/td>\n<td width=\"69%\">\u00c9va V\u00e1rallyay (Hungary): The legacy of classical virologists explored by HTS can lead to new discoveries<\/td>\n<\/tr>\n<tr>\n<td width=\"8%\">9.30<\/td>\n<td width=\"4%\">\u2013<\/td>\n<td width=\"7%\">10.00<\/td>\n<td width=\"5%\">IL<\/td>\n<td width=\"5%\">6<\/td>\n<td width=\"69%\">Sebastien Massart (Belgium): \u201cInto the wild\u201c: from plant virus ecology in wild ecosystems to plant virus epidemics in crops<\/td>\n<\/tr>\n<tr>\n<td width=\"8%\">10.00<\/td>\n<td width=\"4%\">\u2013<\/td>\n<td width=\"7%\">10.15<\/td>\n<td width=\"5%\">OP<\/td>\n<td width=\"5%\">7<\/td>\n<td width=\"69%\">Dijana \u0160kori\u0107 (Croatia): Discovery of a previously unknown virus in ancient olives remains<\/td>\n<\/tr>\n<tr>\n<td width=\"8%\">10.15<\/td>\n<td width=\"4%\">\u2013<\/td>\n<td width=\"7%\">10.30<\/td>\n<td width=\"5%\">OP<\/td>\n<td width=\"5%\">8<\/td>\n<td width=\"69%\">Lana Vogrinec (Slovenia): High-throughput sequencing reveals hidden viral diversity in aquatic plants<\/td>\n<\/tr>\n<tr>\n<td width=\"8%\">10.30<\/td>\n<td width=\"4%\">&#8211;<\/td>\n<td width=\"7%\">10.45<\/td>\n<td width=\"5%\">OP<\/td>\n<td width=\"5%\">9<\/td>\n<td width=\"69%\">Karima Ben Mansour (Czech Republic): Where do viruses come from, and when? Case studies of watermelon mosaic virus and grapevine Pinot Gris virus<\/td>\n<\/tr>\n<tr>\n<td width=\"8%\"><em>10.45<\/em><\/td>\n<td width=\"4%\"><em>\u2013<\/em><\/td>\n<td width=\"7%\"><em>11.00<\/em><\/td>\n<td width=\"5%\"><em>\u00a0<\/em><\/td>\n<td width=\"5%\"><em>\u00a0<\/em><\/td>\n<td width=\"69%\"><em>Coffee break<\/em><\/td>\n<\/tr>\n<tr>\n<td colspan=\"6\" width=\"100%\">SESSION IV: Immune response to virus infection<\/p>\n<p>CHAIRPERSONS: Vanda Jurani\u0107 Lisni\u0107, Sanda Ravli\u0107<\/td>\n<\/tr>\n<tr>\n<td width=\"8%\">11.00<\/td>\n<td width=\"4%\">\u2013<\/td>\n<td width=\"7%\">11.30<\/td>\n<td width=\"5%\">IL<\/td>\n<td width=\"5%\">7<\/td>\n<td width=\"69%\">Vanda Jurani\u0107 Lisni\u0107 (Croatia): Pathogenesis of cytomegalovirus infection in ovaries and adrenal glands<\/td>\n<\/tr>\n<tr>\n<td width=\"8%\">11.30<\/td>\n<td width=\"4%\">\u2013<\/td>\n<td width=\"7%\">12.00<\/td>\n<td width=\"5%\">IL<\/td>\n<td width=\"5%\">8<\/td>\n<td width=\"69%\">Sanda Ravli\u0107 (Croatia): Understanding differences in immune status between COVID-19 survivors and vaccinated individuals<\/td>\n<\/tr>\n<tr>\n<td width=\"8%\">12.00<\/td>\n<td width=\"4%\">\u2013<\/td>\n<td width=\"7%\">12.15<\/td>\n<td width=\"5%\">OP<\/td>\n<td width=\"5%\">10<\/td>\n<td width=\"69%\">Maja Bogdani\u0107 (Croatia): Seroepidemiology of cytomegalovirus infections in childbearing-aged and pregnant women in Croatia<\/td>\n<\/tr>\n<tr>\n<td width=\"8%\">12.15<\/td>\n<td width=\"4%\">\u2013<\/td>\n<td width=\"7%\">12.30<\/td>\n<td width=\"5%\">OP<\/td>\n<td width=\"5%\">11<\/td>\n<td width=\"69%\">Jasmina Ku\u010dinar (Croatia): Prevalence of herpes simplex virus type 1 and type 2 antibodies in risk populations, Istria County, 2020-2023<\/td>\n<\/tr>\n<tr>\n<td width=\"8%\"><em>12.30<\/em><\/td>\n<td width=\"4%\"><em>\u2013<\/em><\/td>\n<td width=\"7%\"><em>14.00<\/em><\/td>\n<td width=\"5%\"><em>\u00a0<\/em><\/td>\n<td width=\"5%\"><em>\u00a0<\/em><\/td>\n<td width=\"69%\"><em>Lunch break (optional, not included in registration fee)<\/em><\/td>\n<\/tr>\n<tr>\n<td width=\"8%\">14.00<\/td>\n<td width=\"4%\">\u2013<\/td>\n<td width=\"7%\">15.30<\/td>\n<td width=\"5%\"><em>\u00a0<\/em><\/td>\n<td width=\"5%\"><em>\u00a0<\/em><\/td>\n<td width=\"69%\"><a href=\"https:\/\/hmd-cms.hr\/power-of-viruses-2024\/poster-presentations\/\">Poster session 1<\/a><\/p>\n<p><em>Poster teaser: 15 min<\/em> Session Chair: Marina Dr\u010deli\u0107<\/td>\n<\/tr>\n<tr>\n<td colspan=\"6\" width=\"100%\">SESSION V:\u00a0 Environmental virology<\/p>\n<p>CHAIRPERSONS: Sebastien Massart, Denis Kutnjak<\/td>\n<\/tr>\n<tr>\n<td width=\"8%\">11.00<\/td>\n<td width=\"4%\">\u2013<\/td>\n<td width=\"7%\">11.30<\/td>\n<td width=\"5%\">IL<\/td>\n<td width=\"5%\">9<\/td>\n<td width=\"69%\">Eeva J. Vainio (Finland): Evolutionary links and lifestyle of mycoviruses in forest ecosystems (<em>online<\/em>)<\/td>\n<\/tr>\n<tr>\n<td width=\"8%\">11.30<\/td>\n<td width=\"4%\">\u2013<\/td>\n<td width=\"7%\">12.00<\/td>\n<td width=\"5%\">IL<\/td>\n<td width=\"5%\">10<\/td>\n<td width=\"69%\">Denis Kutnjak (Slovenia): Assessing virome diversity across ecosystems: from plants to water samples<\/td>\n<\/tr>\n<tr>\n<td width=\"8%\">12.00<\/td>\n<td width=\"4%\">\u2013<\/td>\n<td width=\"7%\">12.15<\/td>\n<td width=\"5%\">OP<\/td>\n<td width=\"5%\">12<\/td>\n<td width=\"69%\">Anna S. Speranskaya (Russia): Metavirome analysis of oral and faecal swabs from hedgehogs in central Russia: Coronaviruses, Mammarenaviruses and differences in virus composition in active and hibernating hedgehogs<\/td>\n<\/tr>\n<tr>\n<td width=\"8%\">12.15<\/td>\n<td width=\"4%\">&#8211;<\/td>\n<td width=\"7%\">12.30<\/td>\n<td width=\"5%\">OP<\/td>\n<td width=\"5%\">13<\/td>\n<td width=\"69%\">Dorotea Grbin (Croatia): First virome analysis of severely symptomatic zucchini in Croatia reveals high prevalence and diversity of potyviruses<\/td>\n<\/tr>\n<tr>\n<td width=\"8%\"><em>12:30<\/em><\/td>\n<td width=\"4%\"><em>&#8211;<\/em><\/td>\n<td width=\"7%\"><em>14:00<\/em><\/td>\n<td width=\"5%\"><em>\u00a0<\/em><\/td>\n<td width=\"5%\"><em>\u00a0<\/em><\/td>\n<td width=\"69%\"><em>Lunch break (optional, not included in registration fee)<\/em><\/td>\n<\/tr>\n<tr>\n<td width=\"8%\">14.00<\/td>\n<td width=\"4%\">\u2013<\/td>\n<td width=\"7%\">15.30<\/td>\n<td width=\"5%\">&nbsp;<\/td>\n<td width=\"5%\">&nbsp;<\/td>\n<td width=\"69%\"><a href=\"https:\/\/hmd-cms.hr\/power-of-viruses-2024\/poster-presentations\/\">Poster session 1<\/a><\/p>\n<p>Poster teaser: 15 min Session Chair: Marina Dr\u010deli\u0107<\/td>\n<\/tr>\n<tr>\n<td width=\"8%\">17:00<\/td>\n<td width=\"4%\">&#8211;<\/td>\n<td width=\"7%\">20:00<\/td>\n<td width=\"5%\">&nbsp;<\/td>\n<td width=\"5%\">&nbsp;<\/td>\n<td width=\"69%\"><em>Social event-excursion (optional)<\/em><\/td>\n<\/tr>\n<\/tbody>\n<\/table>\n<p>&nbsp;<\/p>\n<p>&nbsp;<\/p>\n<p><strong>Friday <\/strong><strong>\u2013<\/strong> <strong>September 27, 2024<\/strong><\/p>\n<table width=\"100%\">\n<tbody>\n<tr>\n<td colspan=\"6\" width=\"100%\">SESSION VI: Emerging and neglected viruses<\/p>\n<p>CHAIRPERSONS: Tatjana Vilibi\u0107-\u010cavlek, Pavle Jeli\u010di\u0107<\/td>\n<\/tr>\n<tr>\n<td width=\"8%\">9.00<\/td>\n<td width=\"4%\">\u2013<\/td>\n<td width=\"8%\">9.30<\/td>\n<td width=\"5%\">IL<\/td>\n<td width=\"5%\">11<\/td>\n<td width=\"69%\">Tatjana Vilibi\u0107 \u010cavlek (Croatia): Emerging trends of arbovirus infections in Croatia<\/td>\n<\/tr>\n<tr>\n<td width=\"8%\">9.30<\/td>\n<td width=\"4%\">\u2013<\/td>\n<td width=\"8%\">9.45<\/td>\n<td width=\"5%\">OP<\/td>\n<td width=\"5%\">14<\/td>\n<td width=\"69%\">Dario Sabadi (Croatia): Clinical characteristics of neuroinvasive flavivirus infections in Croatia<\/td>\n<\/tr>\n<tr>\n<td width=\"8%\">9.45<\/td>\n<td width=\"4%\">\u2013<\/td>\n<td width=\"8%\">10.00<\/td>\n<td width=\"5%\">OP<\/td>\n<td width=\"5%\">15<\/td>\n<td width=\"69%\">Barbara Igriczi (Hungary): First report of porcine parvovirus 8 in Europe: widespread detection and genetic characterization on commercial pig farms in Hungary and Slovakia<\/td>\n<\/tr>\n<tr>\n<td width=\"8%\">10.00<\/td>\n<td width=\"4%\">\u2013<\/td>\n<td width=\"8%\">10.15<\/td>\n<td width=\"5%\">OP<\/td>\n<td width=\"5%\">16<\/td>\n<td width=\"69%\">Pavle Jeli\u010di\u0107 (Croatia): Epidemiology of hepatitis E virus in Croatia<\/td>\n<\/tr>\n<tr>\n<td width=\"8%\">10.15<\/td>\n<td width=\"4%\">&nbsp;<\/td>\n<td width=\"8%\">10.30<\/td>\n<td width=\"5%\">OP<\/td>\n<td width=\"5%\">17<\/td>\n<td width=\"69%\">Iva Pem Novosel (Croatia): Assessment of West Nile virus transmission risk in Croatia<\/td>\n<\/tr>\n<tr>\n<td width=\"8%\">10:30<\/td>\n<td width=\"4%\">&nbsp;<\/td>\n<td width=\"8%\">10:45<\/td>\n<td width=\"5%\">&nbsp;<\/td>\n<td width=\"5%\">&nbsp;<\/td>\n<td width=\"69%\">Gold sponsor presentation- <em>Altium &#8211;<\/em> Ines Topalovi\u0107 Pite\u0161a: Emerging viruses \u2013 from another perspective<\/td>\n<\/tr>\n<tr>\n<td width=\"8%\"><em>10.45<\/em><\/td>\n<td width=\"4%\"><em>\u2013<\/em><\/td>\n<td width=\"8%\"><em>11.10<\/em><\/td>\n<td width=\"5%\"><\/td>\n<td width=\"5%\"><\/td>\n<td width=\"69%\"><em>Coffee break<\/em><\/td>\n<\/tr>\n<tr>\n<td colspan=\"6\" width=\"100%\">SESSION VII: One Health<\/p>\n<p>CHAIRPERSONS: Tama\u0161 Petrovi\u0107, Ljubo Barbi\u0107<\/td>\n<\/tr>\n<tr>\n<td width=\"8%\">11.10<\/td>\n<td width=\"4%\">\u2013<\/td>\n<td width=\"8%\">11.40<\/td>\n<td width=\"5%\">IL<\/td>\n<td width=\"5%\">12<\/td>\n<td width=\"69%\">Tama\u0161 Petrovi\u0107 (Serbia): Some of the zoonotic viruses that circulate in Serbia in the last 20 years<\/td>\n<\/tr>\n<tr>\n<td width=\"8%\">11.40<\/td>\n<td width=\"4%\">\u2013<\/td>\n<td width=\"8%\">12.10<\/td>\n<td width=\"5%\">IL<\/td>\n<td width=\"5%\">13<\/td>\n<td width=\"69%\">Ljubo Barbi\u0107 (Croatia): A veterinary perspective on One Health in Croatia<\/td>\n<\/tr>\n<tr>\n<td width=\"8%\">12.10<\/td>\n<td width=\"4%\">\u2013<\/td>\n<td width=\"8%\">12.25<\/td>\n<td width=\"5%\">OP<\/td>\n<td width=\"5%\">18<\/td>\n<td width=\"69%\">Ga\u0161per Grubelnik (Slovenia): Investigation of Feline Infectious Peritonitis Virus during SARS-CoV-2 pandemic<\/td>\n<\/tr>\n<tr>\n<td width=\"8%\">12.25<\/td>\n<td width=\"4%\">\u2013<\/td>\n<td width=\"8%\">12.40<\/td>\n<td width=\"5%\">&nbsp;<\/td>\n<td width=\"5%\">&nbsp;<\/td>\n<td width=\"69%\">Gold sponsor presentation \u2013 <em>NOACK<\/em>&#8211; Gordana Ro\u017ei\u0107: Different solutions in the diagnosis of emergent animal diseases<\/td>\n<\/tr>\n<tr>\n<td width=\"8%\"><em>13.00<\/em><\/td>\n<td width=\"4%\"><em>\u2013<\/em><\/td>\n<td width=\"8%\"><em>14.30<\/em><\/td>\n<td width=\"5%\"><\/td>\n<td width=\"5%\"><\/td>\n<td width=\"69%\"><em>Lunch break (optional, not included in registration fee)<\/em><\/td>\n<\/tr>\n<tr>\n<td width=\"8%\">14.30<\/td>\n<td width=\"4%\">&#8211;<\/td>\n<td width=\"8%\">16.00<\/td>\n<td width=\"5%\"><em>\u00a0<\/em><\/td>\n<td width=\"5%\"><em>\u00a0<\/em><\/td>\n<td width=\"69%\"><a href=\"https:\/\/hmd-cms.hr\/power-of-viruses-2024\/poster-presentations\/\">Poster Session 2<\/a><\/p>\n<p>Poster teaser<em>: <\/em>15 min Session Chair: Sanda Ravli\u0107<\/td>\n<\/tr>\n<tr>\n<td colspan=\"6\" width=\"100%\">SESSION VIII: Virus diversity and evolution<\/p>\n<p>CHAIRPERSONS: Snje\u017eana \u017didovec-Lepej, Francesco di Serio<\/td>\n<\/tr>\n<tr>\n<td width=\"8%\">9.00<\/td>\n<td width=\"4%\"><em>\u2013<\/em><\/td>\n<td width=\"8%\">9.30<\/td>\n<td width=\"5%\">IL<\/td>\n<td width=\"5%\">14<\/td>\n<td width=\"69%\">Francesco di Serio (Italy): The expanding world of novel viroid-like RNAs<\/td>\n<\/tr>\n<tr>\n<td width=\"8%\">9.30<\/td>\n<td width=\"4%\"><em>\u2013<\/em><\/td>\n<td width=\"8%\">10.00<\/td>\n<td width=\"5%\">IL<\/td>\n<td width=\"5%\">15<\/td>\n<td width=\"69%\">Snje\u017eana \u017didovec-Lepej (Croatia): Molecular diversity of EBV<\/td>\n<\/tr>\n<tr>\n<td width=\"8%\">10.00<\/td>\n<td width=\"4%\"><em>\u2013<\/em><\/td>\n<td width=\"8%\">10.30<\/td>\n<td width=\"5%\">IL<\/td>\n<td width=\"5%\">16<\/td>\n<td width=\"69%\">Leticia Botella (Czech Republic): The use of mycoviruses as potential markers to track the invasion pathways of their hosts<\/td>\n<\/tr>\n<tr>\n<td width=\"8%\">10.30<\/td>\n<td width=\"4%\"><em>&#8211;<\/em><\/td>\n<td width=\"8%\">10.45<\/td>\n<td width=\"5%\">OP<\/td>\n<td width=\"5%\">19<\/td>\n<td width=\"69%\">Iro Skopa (Greece): Genomic surveillance in the era of SARS-CoV-2 Omicron variant of concern, from December 2021 to March 2024, in Greece<\/td>\n<\/tr>\n<tr>\n<td width=\"8%\">10.45<\/td>\n<td width=\"4%\">\u2013<\/td>\n<td width=\"8%\">11.10<\/td>\n<td width=\"5%\"><em>\u00a0<\/em><\/td>\n<td width=\"5%\"><em>\u00a0<\/em><\/td>\n<td width=\"69%\"><em>Coffee break<\/em><\/td>\n<\/tr>\n<tr>\n<td colspan=\"6\" width=\"100%\">SESSION IX: Virus and cancer<\/p>\n<p>CHAIRPERSONS: Beata Halassy, Jasmina Vrane\u0161<\/td>\n<\/tr>\n<tr>\n<td width=\"8%\">11.10<\/td>\n<td width=\"4%\">\u2013<\/td>\n<td width=\"8%\">11.40<\/td>\n<td width=\"5%\">IL<\/td>\n<td width=\"5%\">17<\/td>\n<td width=\"69%\">Beata Halassy (Croatia): Oncolytic virotherapy of a localized breast cancer recurrence in neoadjuvant setting \u2013 a case study<\/td>\n<\/tr>\n<tr>\n<td width=\"8%\">11.40<\/td>\n<td width=\"4%\">\u2013<\/td>\n<td width=\"8%\">12.10<\/td>\n<td width=\"5%\">IL<\/td>\n<td width=\"5%\">18<\/td>\n<td width=\"69%\">Jasmina Vrane\u0161 (Croatia): HPV-associated cancers and HPV testing<\/td>\n<\/tr>\n<tr>\n<td width=\"8%\">12.10<\/td>\n<td width=\"4%\">\u2013<\/td>\n<td width=\"8%\">12.25<\/td>\n<td width=\"5%\">OP<\/td>\n<td width=\"5%\">20<\/td>\n<td width=\"69%\">Anita Szalm\u00e1s (Hungary): The role of the interaction between cytoplasmic protein phosphatases and HPV E7<\/td>\n<\/tr>\n<tr>\n<td width=\"8%\">12.25<\/td>\n<td width=\"4%\">\u2013<\/td>\n<td width=\"8%\">12.50<\/td>\n<td width=\"5%\">&nbsp;<\/td>\n<td width=\"5%\"><em>\u00a0<\/em><\/td>\n<td width=\"69%\">Gold sponsor presentation \u2013 <em>Sartorius<\/em> <em>BIA Separations &#8211;<\/em> Maja Leskovec (Slovenia): Leveraging chromatographic tools for isolation and purification of viruses and viral vectors<\/td>\n<\/tr>\n<tr>\n<td width=\"8%\"><em>13.00<\/em><\/td>\n<td width=\"4%\"><em>\u2013<\/em><\/td>\n<td width=\"8%\"><em>14.30<\/em><\/td>\n<td width=\"5%\"><em>\u00a0<\/em><\/td>\n<td width=\"5%\"><em>\u00a0<\/em><\/td>\n<td width=\"69%\"><em>Lunch break (optional, not included in registration fee)<\/em><\/td>\n<\/tr>\n<tr>\n<td width=\"8%\">14.30<\/td>\n<td width=\"4%\">&#8211;<\/td>\n<td width=\"8%\">16.00<\/td>\n<td width=\"5%\">&nbsp;<\/td>\n<td width=\"5%\">&nbsp;<\/td>\n<td width=\"69%\"><a href=\"https:\/\/hmd-cms.hr\/power-of-viruses-2024\/poster-presentations\/\">Poster Session 2<\/a><\/p>\n<p>Poster teaser<em>: <\/em>15 min Session Chair: Sanda Ravli\u0107<\/td>\n<\/tr>\n<tr>\n<td width=\"8%\"><em>20.00<\/em><\/td>\n<td width=\"4%\"><em>\u2013<\/em><\/td>\n<td width=\"8%\"><em>23.00<\/em><\/td>\n<td width=\"5%\"><em>\u00a0<\/em><\/td>\n<td width=\"5%\"><em>\u00a0<\/em><\/td>\n<td width=\"69%\"><a href=\"https:\/\/hmd-cms.hr\/power-of-viruses-2024\/news\/excursion-2\/\"><em>Gala dinner (optional)<\/em><\/a><\/td>\n<\/tr>\n<\/tbody>\n<\/table>\n<p><strong>\u00a0<\/strong><\/p>\n<p><strong>Saturday <\/strong><strong>\u2013<\/strong> <strong>September 28, 2024<\/strong><\/p>\n<table width=\"100%\">\n<tbody>\n<tr>\n<td colspan=\"6\" width=\"100%\">SESSION X: Human virology<\/p>\n<p>CHAIRPERSONS: Sun\u010danica Ljubin Sternak, J\u00f3zsef K\u00f3nya<\/td>\n<\/tr>\n<tr>\n<td width=\"7%\">9.00<\/td>\n<td width=\"4%\">\u2013<\/td>\n<td width=\"7%\">9.30<\/td>\n<td width=\"5%\">IL<\/td>\n<td width=\"5%\">19<\/td>\n<td width=\"69%\">Igor Jurak (Croatia): RNA Editing-Dependent and -Independent Roles of Adenosine Deaminases Acting on RNA Proteins in Herpesvirus Infection<\/td>\n<\/tr>\n<tr>\n<td width=\"7%\">9.30<\/td>\n<td width=\"4%\">\u2013<\/td>\n<td width=\"7%\">9.50<\/td>\n<td width=\"5%\">IL<\/td>\n<td width=\"5%\">20<\/td>\n<td width=\"69%\">Sun\u010danica Ljubin Sternak (Croatia): Contemporary Insights into Rhinoviruses: Exploring Global Trends and Local Perspectives<\/td>\n<\/tr>\n<tr>\n<td width=\"7%\">9.50<\/td>\n<td width=\"4%\">\u2013<\/td>\n<td width=\"7%\">10.20<\/td>\n<td width=\"5%\">IL<\/td>\n<td width=\"5%\">21<\/td>\n<td width=\"69%\">J\u00f3zsef K\u00f3nya (Hungary): Assessment of the benefit of co-PCR-testing SARS-CoV-2 virus with influenza and RSV viruses\u00a0on archived specimens<\/td>\n<\/tr>\n<tr>\n<td width=\"7%\">10.30<\/td>\n<td width=\"4%\">\u2013<\/td>\n<td width=\"7%\">10.45<\/td>\n<td width=\"5%\">OP<\/td>\n<td width=\"5%\">21<\/td>\n<td width=\"69%\">Ivana Feren\u010dak (Croatia): Genomic surveillance of respiratory viruses in Croatia<\/td>\n<\/tr>\n<tr>\n<td width=\"7%\"><em>10.45<\/em><\/td>\n<td width=\"4%\"><em>\u2013<\/em><\/td>\n<td width=\"7%\"><em>11.15<\/em><\/td>\n<td width=\"5%\"><\/td>\n<td width=\"5%\"><\/td>\n<td width=\"69%\"><em>Coffee break<\/em><\/td>\n<\/tr>\n<\/tbody>\n<\/table>\n<p>&nbsp;<\/p>\n<table width=\"100%\">\n<tbody>\n<tr>\n<td colspan=\"6\" width=\"100%\">SESSION XI: Antivirals and vaccines<\/p>\n<p>CHAIRPERSON: Jelena Ivan\u010di\u0107 Jele\u010dki, Nata\u0161a Lindi\u010d<\/td>\n<\/tr>\n<tr>\n<td width=\"7%\">11.15<\/td>\n<td width=\"4%\">\u2013<\/td>\n<td width=\"7%\">11.45<\/td>\n<td width=\"5%\">IL<\/td>\n<td width=\"5%\">22<\/td>\n<td width=\"69%\">Dragomira Majhen (Croatia): Adenovirus vectors: when bad guys become the good ones<\/td>\n<\/tr>\n<tr>\n<td width=\"7%\">11.45<\/td>\n<td width=\"4%\">\u2013<\/td>\n<td width=\"7%\">12.15<\/td>\n<td width=\"5%\">IL<\/td>\n<td width=\"5%\">23<\/td>\n<td width=\"69%\">Nata\u0161a Lindi\u010d (Slovenia): Cysteine cathepsins as potential targets for treatment of viral infections<\/td>\n<\/tr>\n<tr>\n<td width=\"7%\">12.15<\/td>\n<td width=\"4%\">\u2013<\/td>\n<td width=\"7%\">12.45<\/td>\n<td width=\"5%\">IL<\/td>\n<td width=\"5%\">24<\/td>\n<td width=\"69%\">Maja Jagu\u0161i\u0107 (Croatia): Guinea pig as a model for mumps virus infection<\/td>\n<\/tr>\n<tr>\n<td width=\"7%\">12.45<\/td>\n<td width=\"4%\">\u2013<\/td>\n<td width=\"7%\">13.00<\/td>\n<td width=\"5%\">OP<\/td>\n<td width=\"5%\">22<\/td>\n<td width=\"69%\">Filip Glava\u010d (Croatia): Intensive care unit treatment in people living with HIV in Croatia: a single Centre 25-year experience<\/td>\n<\/tr>\n<tr>\n<td width=\"7%\"><em>13.00<\/em><\/td>\n<td width=\"4%\"><\/td>\n<td width=\"7%\"><\/td>\n<td width=\"5%\"><\/td>\n<td width=\"5%\"><\/td>\n<td width=\"69%\"><em>Closing remarks<\/em><\/td>\n<\/tr>\n<\/tbody>\n<\/table>\n<p>&nbsp;<\/p>\n<p>IL: invited lecture; OP: oral presentation;<\/p>\n<p>&nbsp;<\/p>\n","protected":false},"excerpt":{"rendered":"<p>Wednesday \u2013 September 25, 2024 ARRIVAL OF PARTICIPANTS AND ACCOMMODATION 13.00 \u2013 14.00 Registration of participants 14.00 \u2013 14.30 Opening ceremony 14.30 \u2013 15.00 KL 1 Mart Krupovic (France): A kaleidoscope of archaeal viruses 15.00 \u2013 15.30 KL 2 Santiago F. Elena (Spain): Harnessing the Caenorhabditis elegans\/Orsay virus pathosystem as a new model for experimental [&hellip;]<\/p>\n","protected":false},"author":1,"featured_media":0,"parent":0,"menu_order":0,"comment_status":"closed","ping_status":"closed","template":"","meta":{"footnotes":""},"class_list":["post-841","page","type-page","status-publish","hentry"],"_links":{"self":[{"href":"https:\/\/hmd-cms.hr\/power-of-viruses-2024\/wp-json\/wp\/v2\/pages\/841","targetHints":{"allow":["GET"]}}],"collection":[{"href":"https:\/\/hmd-cms.hr\/power-of-viruses-2024\/wp-json\/wp\/v2\/pages"}],"about":[{"href":"https:\/\/hmd-cms.hr\/power-of-viruses-2024\/wp-json\/wp\/v2\/types\/page"}],"author":[{"embeddable":true,"href":"https:\/\/hmd-cms.hr\/power-of-viruses-2024\/wp-json\/wp\/v2\/users\/1"}],"replies":[{"embeddable":true,"href":"https:\/\/hmd-cms.hr\/power-of-viruses-2024\/wp-json\/wp\/v2\/comments?post=841"}],"version-history":[{"count":23,"href":"https:\/\/hmd-cms.hr\/power-of-viruses-2024\/wp-json\/wp\/v2\/pages\/841\/revisions"}],"predecessor-version":[{"id":1216,"href":"https:\/\/hmd-cms.hr\/power-of-viruses-2024\/wp-json\/wp\/v2\/pages\/841\/revisions\/1216"}],"wp:attachment":[{"href":"https:\/\/hmd-cms.hr\/power-of-viruses-2024\/wp-json\/wp\/v2\/media?parent=841"}],"curies":[{"name":"wp","href":"https:\/\/api.w.org\/{rel}","templated":true}]}}