{"id":134,"date":"2018-09-03T17:42:36","date_gmt":"2018-09-03T15:42:36","guid":{"rendered":"http:\/\/hmd-cms.hr\/u-drustvu-mikroba\/?page_id=134"},"modified":"2019-10-30T08:40:20","modified_gmt":"2019-10-30T07:40:20","slug":"projektni-tim","status":"publish","type":"page","link":"https:\/\/hmd-cms.hr\/u-drustvu-mikroba\/projektni-tim\/","title":{"rendered":"Projektni tim"},"content":{"rendered":"<h4>Nositelj projekta:<\/h4>\n<h5>Hrvatsko mikrobiolo\u0161ko dru\u0161tvo<\/h5>\n<ul>\n<li>prof. dr. sc. Dijana \u0160kori\u0107 (glavni koordinator projekta)<\/li>\n<li>Lidija \u0110evoi\u0107 (voditeljica projekta, od 1. kolovoza 2019.)<\/li>\n<li>Dubravka Kuki\u0107 (voditeljica projekta, do 31. srpnja 2019.)<\/li>\n<li>prof. dr. sc. Roberto Antolovi\u0107 (volonter)<\/li>\n<li>dr. sc. Ivana Babi\u0107, zn. suradnik (volonterka)<\/li>\n<li>dr. sc. Marija Duvnjak (volonterka)<\/li>\n<li>Domagoj Kifer (volonter)<\/li>\n<\/ul>\n<p>&nbsp;<\/p>\n<h4>Partneri:<\/h4>\n<h5>Bioteka \u2013 udruga za promicanje biologije i srodnih znanosti<\/h5>\n<ul>\n<li>Kristina Duvnjak, prof. biologije (asistent)<\/li>\n<li>Jelena Liki\u0107, prof. biologije (asistent)<\/li>\n<li>Hrvoje Mali\u0107, prof. biologije (volonter)<\/li>\n<li>Mia \u0160ep\u010devi\u0107 (volonterka)<\/li>\n<\/ul>\n<p>&nbsp;<\/p>\n<h5>Hrvatsko katoli\u010dko sveu\u010dili\u0161te (HKS)<\/h5>\n<ul>\n<li>doc. dr. sc. Suzana Bukovski (mentor)\n<ul>\n<li>Nina Bjeli\u0161 (student)<\/li>\n<li>Josipa Pari\u0107 (student)<\/li>\n<li>Paula Stier (student)<\/li>\n<\/ul>\n<\/li>\n<\/ul>\n<p>&nbsp;<\/p>\n<h5>Medicinski fakultet Sveu\u010dili\u0161ta u Rijeci (MedRi)<\/h5>\n<ul>\n<li>prof. dr. sc. Maja Abram (mentor)\n<ul>\n<li>Gabriela Bonda(student)<\/li>\n<li>Karla Gori\u010danec (student)<\/li>\n<li>Katarina Marija Kobe\u0161\u010dak\u00a0(student)<\/li>\n<li>Danijel Lugonji\u0107\u00a0(student)<\/li>\n<\/ul>\n<\/li>\n<\/ul>\n<p>&nbsp;<\/p>\n<ul>\n<li>doc. dr. sc. Ivana Gobin (mentor)\n<ul>\n<li>Linda Jerini\u0107\u00a0(student)<\/li>\n<li>Lucija Larma\u00a0(student)<\/li>\n<li>Silvestar Me\u017enari\u0107\u00a0(student)<\/li>\n<li>Paola Tijan\u00a0(student)<\/li>\n<\/ul>\n<\/li>\n<\/ul>\n<p>&nbsp;<\/p>\n<h5>Prehrambeno-biotehnolo\u0161ki fakultet Sveu\u010dili\u0161ta u Zagreb (PBF)<\/h5>\n<ul>\n<li>doc. dr. sc. Ana Bielen (mentor)\n<ul>\n<li>Ivana \u010cakari\u0107\u00a0(student)<\/li>\n<li>Ana Davidovi\u0107\u00a0(student)<\/li>\n<li>Tomislava Grgi\u0107\u00a0(student)<\/li>\n<li>Anica Juri\u0161i\u0107\u00a0(student)<\/li>\n<li>Edina Numanovi\u0107\u00a0(student)<\/li>\n<\/ul>\n<\/li>\n<\/ul>\n<p>&nbsp;<\/p>\n<ul>\n<li>prof. dr. sc. Bla\u017eenka Kos (mentor)\n<ul>\n<li>Ivona \u010cupi\u0107\u00a0(student)<\/li>\n<li>Ana Novak\u00a0(student)<\/li>\n<li>Emili Vidan\u00a0(student)<\/li>\n<\/ul>\n<\/li>\n<\/ul>\n<p>&nbsp;<\/p>\n<ul>\n<li>Deni Kostelac, mag. ing. (mentor)\n<ul>\n<li>Mia Bokuli\u0107\u00a0(student)<\/li>\n<li>Klara \u010culjak\u00a0(student)<\/li>\n<li>Patricija Kres\u00a0(student)<\/li>\n<li>Daria Pranji\u0107\u00a0(student)<\/li>\n<li>Mislav Su\u0161ac\u00a0(student)<\/li>\n<li>Jasna \u017dibert\u00a0(student)<\/li>\n<\/ul>\n<\/li>\n<\/ul>\n<p>&nbsp;<\/p>\n<ul>\n<li>doc. dr. sc. Andreja Lebo\u0161 Pavunc (mentor)\n<ul>\n<li>Maria Jur\u010devi\u0107\u00a0(student)<\/li>\n<li>Zora Kelemen\u00a0(student)<\/li>\n<li>Antonia Stipi\u0107\u00a0(student)<\/li>\n<li>Marina Strinavi\u0107\u00a0(student)<\/li>\n<\/ul>\n<\/li>\n<\/ul>\n<p>&nbsp;<\/p>\n<h5>Prirodoslovno-matemati\u010dki fakultet Sveu\u010dili\u0161ta u Zagrebu (PMF)<\/h5>\n<ul>\n<li>doc. dr. sc. Silvija \u010cerni (mentor)\n<ul>\n<li>Daniel \u010coli\u0107\u00a0(student)<\/li>\n<li>Josipa \u010conka\u0161\u00a0(student)<\/li>\n<li>Sara Ple\u0161e\u00a0(student)<\/li>\n<li>Mihaela Pravica\u00a0(student)<\/li>\n<li>Valentina Runko\u00a0(student)<\/li>\n<li>Iva \u017dulj\u00a0(student)<\/li>\n<\/ul>\n<\/li>\n<\/ul>\n<p>&nbsp;<\/p>\n<ul>\n<li>izv. prof. dr. sc. Ines Radanovi\u0107 (edukator)<\/li>\n<\/ul>\n<p>&nbsp;<\/p>\n<h5>Udruga studenata biologije \u2013 BIUS<\/h5>\n<ul>\n<li>Katarina Terlevi\u0107 (volonterka)<\/li>\n<li>Marija Vuk (volonterka)<\/li>\n<\/ul>\n<p>&nbsp;<\/p>\n<h5>Veterinarski fakultet Sveu\u010dili\u0161ta u Zagreb (VEF)<\/h5>\n<ul>\n<li>prof. dr. sc. Ljiljana Pinter (mentor)\n<ul>\n<li>Josipa Lovasi\u0107\u00a0(student)<\/li>\n<li>Petra Luna Kokanovi\u0107\u00a0(student)<\/li>\n<li>Mislav Unger\u00a0(student)<\/li>\n<\/ul>\n<\/li>\n<\/ul>\n","protected":false},"excerpt":{"rendered":"<p>Nositelj projekta: Hrvatsko mikrobiolo\u0161ko dru\u0161tvo prof. dr. sc. Dijana \u0160kori\u0107 (glavni koordinator projekta) Lidija \u0110evoi\u0107 (voditeljica projekta, od 1. kolovoza 2019.) Dubravka Kuki\u0107 (voditeljica projekta, do 31. srpnja 2019.) prof. dr. sc. Roberto Antolovi\u0107 (volonter) dr. sc. Ivana Babi\u0107, zn. suradnik (volonterka) dr. sc. Marija Duvnjak (volonterka) Domagoj Kifer (volonter) &nbsp; Partneri: Bioteka \u2013 udruga [&hellip;]<\/p>\n","protected":false},"author":1,"featured_media":0,"parent":0,"menu_order":0,"comment_status":"closed","ping_status":"closed","template":"","meta":{"footnotes":""},"class_list":["post-134","page","type-page","status-publish","hentry"],"_links":{"self":[{"href":"https:\/\/hmd-cms.hr\/u-drustvu-mikroba\/wp-json\/wp\/v2\/pages\/134","targetHints":{"allow":["GET"]}}],"collection":[{"href":"https:\/\/hmd-cms.hr\/u-drustvu-mikroba\/wp-json\/wp\/v2\/pages"}],"about":[{"href":"https:\/\/hmd-cms.hr\/u-drustvu-mikroba\/wp-json\/wp\/v2\/types\/page"}],"author":[{"embeddable":true,"href":"https:\/\/hmd-cms.hr\/u-drustvu-mikroba\/wp-json\/wp\/v2\/users\/1"}],"replies":[{"embeddable":true,"href":"https:\/\/hmd-cms.hr\/u-drustvu-mikroba\/wp-json\/wp\/v2\/comments?post=134"}],"version-history":[{"count":10,"href":"https:\/\/hmd-cms.hr\/u-drustvu-mikroba\/wp-json\/wp\/v2\/pages\/134\/revisions"}],"predecessor-version":[{"id":409,"href":"https:\/\/hmd-cms.hr\/u-drustvu-mikroba\/wp-json\/wp\/v2\/pages\/134\/revisions\/409"}],"wp:attachment":[{"href":"https:\/\/hmd-cms.hr\/u-drustvu-mikroba\/wp-json\/wp\/v2\/media?parent=134"}],"curies":[{"name":"wp","href":"https:\/\/api.w.org\/{rel}","templated":true}]}}